{"id":8,"date":"2021-03-02T17:16:30","date_gmt":"2021-03-02T17:16:30","guid":{"rendered":"https:\/\/krasna-hisa.si\/en\/?page_id=8"},"modified":"2026-04-15T09:21:16","modified_gmt":"2026-04-15T09:21:16","slug":"krasna-v1","status":"publish","type":"page","link":"https:\/\/krasna-hisa.si\/en\/","title":{"rendered":"Homepage"},"content":{"rendered":"<p>[et_pb_section fb_built=&#8221;1&#8243; custom_padding_last_edited=&#8221;on|phone&#8221; _builder_version=&#8221;4.16&#8243; _module_preset=&#8221;default&#8221; background_image=&#8221;https:\/\/krasna-hisa.si\/en\/wp-content\/uploads\/2021\/12\/HIS\u030cAKRASNA267-scaled.jpg&#8221; custom_padding=&#8221;11px||229px|||&#8221; custom_padding_tablet=&#8221;11px||229px|||&#8221; custom_padding_phone=&#8221;||50px||false|false&#8221; global_colors_info=&#8221;{}&#8221;][et_pb_row column_structure=&#8221;1_4,1_4,1_4,1_4&#8243; disabled_on=&#8221;off|off|off&#8221; _builder_version=&#8221;4.25.0&#8243; _module_preset=&#8221;default&#8221; background_enable_color=&#8221;off&#8221; width=&#8221;90%&#8221; max_width=&#8221;1350px&#8221; global_module=&#8221;414&#8243; saved_tabs=&#8221;all&#8221; global_colors_info=&#8221;{}&#8221;][et_pb_column type=&#8221;1_4&#8243; _builder_version=&#8221;4.16&#8243; _module_preset=&#8221;default&#8221; global_colors_info=&#8221;{}&#8221;][et_pb_button button_url=&#8221;https:\/\/krasna-hisa.si\/en\/rezervirajte-sobo\/&#8221; button_text=&#8221;BOOK A ROOM&#8221; _builder_version=&#8221;4.16&#8243; _module_preset=&#8221;default&#8221; custom_button=&#8221;on&#8221; button_text_size=&#8221;15px&#8221; button_text_color=&#8221;#FFFFFF&#8221; button_bg_color=&#8221;rgba(0,0,0,0.41)&#8221; button_border_color=&#8221;#FFFFFF&#8221; button_letter_spacing=&#8221;5px&#8221; button_use_icon=&#8221;off&#8221; custom_margin=&#8221;||9px|||&#8221; custom_padding=&#8221;10px||5px||false|false&#8221; global_colors_info=&#8221;{}&#8221;][\/et_pb_button][et_pb_button button_url=&#8221;https:\/\/krasna-hisa.si\/en\/kulinarika-2\/&#8221; button_text=&#8221;BOOK A TABLE&#8221; _builder_version=&#8221;4.27.4&#8243; _module_preset=&#8221;default&#8221; custom_button=&#8221;on&#8221; button_text_size=&#8221;15px&#8221; button_text_color=&#8221;#FFFFFF&#8221; button_bg_color=&#8221;rgba(0,0,0,0.41)&#8221; button_border_color=&#8221;#FFFFFF&#8221; button_letter_spacing=&#8221;5px&#8221; button_use_icon=&#8221;off&#8221; custom_margin=&#8221;||9px|||&#8221; custom_padding=&#8221;10px||5px||false|false&#8221; hover_enabled=&#8221;0&#8243; global_colors_info=&#8221;{}&#8221; sticky_enabled=&#8221;0&#8243;][\/et_pb_button][\/et_pb_column][et_pb_column type=&#8221;1_4&#8243; _builder_version=&#8221;4.16&#8243; _module_preset=&#8221;default&#8221; global_colors_info=&#8221;{}&#8221;][\/et_pb_column][et_pb_column type=&#8221;1_4&#8243; _builder_version=&#8221;4.16&#8243; _module_preset=&#8221;default&#8221; global_colors_info=&#8221;{}&#8221;][\/et_pb_column][et_pb_column type=&#8221;1_4&#8243; _builder_version=&#8221;4.16&#8243; _module_preset=&#8221;default&#8221; global_colors_info=&#8221;{}&#8221;][\/et_pb_column][\/et_pb_row][et_pb_row column_structure=&#8221;1_4,1_4,1_4,1_4&#8243; use_custom_gutter=&#8221;on&#8221; gutter_width=&#8221;2&#8243; _builder_version=&#8221;4.16&#8243; _module_preset=&#8221;default&#8221; background_enable_color=&#8221;off&#8221; width=&#8221;90%&#8221; max_width=&#8221;2560px&#8221; custom_margin=&#8221;140px|auto||auto||&#8221; custom_margin_tablet=&#8221;140px|auto||auto||&#8221; custom_margin_phone=&#8221;0px|auto||auto|false|false&#8221; custom_margin_last_edited=&#8221;on|phone&#8221; global_colors_info=&#8221;{}&#8221;][et_pb_column type=&#8221;1_4&#8243; _builder_version=&#8221;4.16&#8243; _module_preset=&#8221;default&#8221; global_colors_info=&#8221;{}&#8221;][dsm_typing_effect before_typing_effect=&#8221;Gourmet Boutique Hotel&#8221; typing_effect=&#8221;The Krasna house&#8221; before_new_line=&#8221;on&#8221; typing_speed=&#8221;285ms&#8221; _builder_version=&#8221;4.16&#8243; _module_preset=&#8221;default&#8221; header_text_color=&#8221;#FFFFFF&#8221; custom_margin=&#8221;25px|||||&#8221; global_colors_info=&#8221;{}&#8221;][\/dsm_typing_effect][\/et_pb_column][et_pb_column type=&#8221;1_4&#8243; _builder_version=&#8221;4.16&#8243; _module_preset=&#8221;default&#8221; global_colors_info=&#8221;{}&#8221;][et_pb_text _builder_version=&#8221;4.16&#8243; _module_preset=&#8221;default&#8221; header_text_color=&#8221;#FFFFFF&#8221; header_font_size=&#8221;43px&#8221; custom_margin=&#8221;30px||||false|false&#8221; custom_padding=&#8221;|||50px|false|false&#8221; link_option_url=&#8221;https:\/\/krasna-hisa.si\/en\/namestitev\/&#8221; scroll_vertical_motion_enable=&#8221;on&#8221; scroll_vertical_motion=&#8221;0|50|50|100|0.5|0|-0.5&#8243; border_width_left=&#8221;3px&#8221; border_color_left=&#8221;#FFFFFF&#8221; global_colors_info=&#8221;{}&#8221;]<\/p>\n<h1>Relax<\/h1>\n<p>[\/et_pb_text][\/et_pb_column][et_pb_column type=&#8221;1_4&#8243; _builder_version=&#8221;4.16&#8243; _module_preset=&#8221;default&#8221; global_colors_info=&#8221;{}&#8221;][et_pb_text _builder_version=&#8221;4.16&#8243; _module_preset=&#8221;default&#8221; header_text_color=&#8221;#FFFFFF&#8221; header_font_size=&#8221;43px&#8221; custom_margin=&#8221;30px||||false|false&#8221; custom_padding=&#8221;|||50px|false|false&#8221; link_option_url=&#8221;https:\/\/krasna-hisa.si\/en\/kulinarika-2\/&#8221; scroll_vertical_motion_enable=&#8221;on&#8221; scroll_vertical_motion=&#8221;0|50|50|100|0.5|0|-0.5&#8243; border_width_left=&#8221;3px&#8221; border_color_left=&#8221;#FFFFFF&#8221; global_colors_info=&#8221;{}&#8221;]<\/p>\n<h1>Enjoy<\/h1>\n<p>[\/et_pb_text][\/et_pb_column][et_pb_column type=&#8221;1_4&#8243; _builder_version=&#8221;4.16&#8243; _module_preset=&#8221;default&#8221; global_colors_info=&#8221;{}&#8221;][et_pb_text _builder_version=&#8221;4.16&#8243; _module_preset=&#8221;default&#8221; header_text_color=&#8221;#FFFFFF&#8221; header_font_size=&#8221;43px&#8221; custom_margin=&#8221;30px||||false|false&#8221; custom_padding=&#8221;|||50px|false|false&#8221; link_option_url=&#8221;https:\/\/krasna-hisa.si\/en\/dogodski\/&#8221; scroll_vertical_motion_enable=&#8221;on&#8221; scroll_vertical_motion=&#8221;0|50|50|100|0.5|0|-0.5&#8243; border_width_left=&#8221;3px&#8221; border_color_left=&#8221;#FFFFFF&#8221; global_colors_info=&#8221;{}&#8221;]<\/p>\n<h1>Events<\/h1>\n<p>[\/et_pb_text][\/et_pb_column][\/et_pb_row][\/et_pb_section][et_pb_section fb_built=&#8221;1&#8243; _builder_version=&#8221;4.16&#8243; _module_preset=&#8221;default&#8221; custom_padding=&#8221;||10px|||&#8221; global_colors_info=&#8221;{}&#8221;][et_pb_row column_structure=&#8221;1_4,1_2,1_4&#8243; _builder_version=&#8221;4.16&#8243; _module_preset=&#8221;default&#8221; background_enable_color=&#8221;off&#8221; width=&#8221;90%&#8221; max_width=&#8221;1350px&#8221; custom_margin=&#8221;34px|auto|3px|auto||&#8221; scroll_vertical_motion_enable=&#8221;on&#8221; scroll_vertical_motion=&#8221;0|50|50|100|0.5|0|-0.5&#8243; global_colors_info=&#8221;{}&#8221;][et_pb_column type=&#8221;1_4&#8243; _builder_version=&#8221;4.16&#8243; _module_preset=&#8221;default&#8221; global_colors_info=&#8221;{}&#8221;][\/et_pb_column][et_pb_column type=&#8221;1_2&#8243; _builder_version=&#8221;4.16&#8243; _module_preset=&#8221;default&#8221; global_colors_info=&#8221;{}&#8221;][et_pb_text _builder_version=&#8221;4.16&#8243; _module_preset=&#8221;default&#8221; header_font=&#8221;DM Serif Display||||||||&#8221; header_text_color=&#8221;#000000&#8243; header_font_size=&#8221;37px&#8221; custom_margin=&#8221;5%||||false|false&#8221; custom_padding=&#8221;|10%|||false|false&#8221; global_colors_info=&#8221;{}&#8221;]<\/p>\n<h1 style=\"text-align: center;\">House of hospitality in the heart of the Karst region<\/h1>\n<p>[\/et_pb_text][et_pb_text _builder_version=&#8221;4.21.0&#8243; _module_preset=&#8221;default&#8221; text_font_size=&#8221;14px&#8221; text_line_height=&#8221;1.9em&#8221; text_orientation=&#8221;center&#8221; custom_margin=&#8221;||30px|||&#8221; scroll_vertical_motion_enable=&#8221;on&#8221; scroll_vertical_motion=&#8221;0|50|50|100|0.5|0|-0.5&#8243; global_colors_info=&#8221;{}&#8221;]<\/p>\n<p>\u00a0The Krasna house is an idyllic gourmet boutique hotel opened by Dajana and Boris \u0160kibin in 2016. <span>Comfortable accommodation in six larger-than-average rooms<\/span><span>, Michelin awards winning restaurant (Michelin Plate 2020 and 2021 and Michelin Recommendation 2022, 2023 and 2024)<\/span>, a stone temple with wine tastings and Karst delicacies, and a salon that transforms into a picturesque atrium under the starry sky on warm spring and summer evenings. All this, seasoned with the hospitality of our smiling and sunny hosts, will turn your vacation into a wonderful experience that you will remember for a long time after returning home.<\/p>\n<p>[\/et_pb_text][et_pb_button button_url=&#8221;https:\/\/krasna-hisa.si\/en\/spoznajte-nas\/&#8221; button_text=&#8221;Get to know us&#8221; button_alignment=&#8221;right&#8221; _builder_version=&#8221;4.16&#8243; _module_preset=&#8221;default&#8221; custom_margin=&#8221;||9px|||&#8221; global_colors_info=&#8221;{}&#8221;][\/et_pb_button][\/et_pb_column][et_pb_column type=&#8221;1_4&#8243; _builder_version=&#8221;4.16&#8243; _module_preset=&#8221;default&#8221; global_colors_info=&#8221;{}&#8221;][\/et_pb_column][\/et_pb_row][et_pb_row column_structure=&#8221;2_3,1_3&#8243; _builder_version=&#8221;4.16&#8243; _module_preset=&#8221;default&#8221; width=&#8221;100%&#8221; max_width=&#8221;2560px&#8221; custom_padding=&#8221;2px|||||&#8221; global_colors_info=&#8221;{}&#8221;][et_pb_column type=&#8221;2_3&#8243; _builder_version=&#8221;4.16&#8243; _module_preset=&#8221;default&#8221; global_colors_info=&#8221;{}&#8221;][dsm_image_hotspots src=&#8221;https:\/\/krasna-hisa.si\/en\/wp-content\/uploads\/2021\/07\/541A8665.jpg&#8221; title_text=&#8221;541A8665&#8243; icon_color=&#8221;#FFFFFF&#8221; _builder_version=&#8221;4.18.0&#8243; _module_preset=&#8221;default&#8221; global_colors_info=&#8221;{}&#8221;][dsm_image_hotspots_child left_position=&#8221;41%&#8221; top_position=&#8221;70%&#8221; hotspot_padding=&#8221;10px|10px|10px|10px|true|true&#8221; tooltip_background_color=&#8221;#000000&#8243; tooltip_placement=&#8221;right&#8221; _builder_version=&#8221;4.18.0&#8243; _module_preset=&#8221;default&#8221; text_font_size=&#8221;20px&#8221; border_radii_hotspot=&#8221;on|0px|0px|0px|0px&#8221; global_colors_info=&#8221;{}&#8221;]<\/p>\n<p>Herbs from the own garden taken care of by the owner Dajana.<\/p>\n<p>[\/dsm_image_hotspots_child][dsm_image_hotspots_child left_position=&#8221;22%&#8221; top_position=&#8221;45%&#8221; hotspot_padding=&#8221;10px|10px|10px|10px|true|true&#8221; tooltip_background_color=&#8221;#000000&#8243; tooltip_placement=&#8221;right&#8221; _builder_version=&#8221;4.18.0&#8243; _module_preset=&#8221;default&#8221; text_font_size=&#8221;20px&#8221; border_radii_hotspot=&#8221;on|0px|0px|0px|0px&#8221; global_colors_info=&#8221;{}&#8221;]<\/p>\n<p>Local ingredients of organic growers and farms.<\/p>\n<p>[\/dsm_image_hotspots_child][dsm_image_hotspots_child left_position=&#8221;81%&#8221; top_position=&#8221;54%&#8221; hotspot_padding=&#8221;10px|10px|10px|10px|true|true&#8221; tooltip_background_color=&#8221;#000000&#8243; tooltip_placement=&#8221;right&#8221; _builder_version=&#8221;4.18.0&#8243; _module_preset=&#8221;default&#8221; text_font_size=&#8221;20px&#8221; border_radii_hotspot=&#8221;on|0px|0px|0px|0px&#8221; global_colors_info=&#8221;{}&#8221;]<\/p>\n<p>Seasonal tastes of the Karst and Istria.<\/p>\n<p>[\/dsm_image_hotspots_child][dsm_image_hotspots_child left_position=&#8221;48%&#8221; top_position=&#8221;61%&#8221; hotspot_padding=&#8221;10px|10px|10px|10px|true|true&#8221; tooltip_background_color=&#8221;#000000&#8243; tooltip_placement=&#8221;right&#8221; _builder_version=&#8221;4.18.0&#8243; _module_preset=&#8221;default&#8221; text_font_size=&#8221;20px&#8221; border_radii_hotspot=&#8221;on|0px|0px|0px|0px&#8221; global_colors_info=&#8221;{}&#8221;]<\/p>\n<p>Top selection of the best wines from the region and beyond.<\/p>\n<p>[\/dsm_image_hotspots_child][\/dsm_image_hotspots][\/et_pb_column][et_pb_column type=&#8221;1_3&#8243; _builder_version=&#8221;4.16&#8243; _module_preset=&#8221;default&#8221; custom_padding=&#8221;|||30px|false|false&#8221; global_colors_info=&#8221;{}&#8221;][et_pb_text _builder_version=&#8221;4.16&#8243; _module_preset=&#8221;default&#8221; header_font=&#8221;DM Serif Display||||||||&#8221; header_text_color=&#8221;#000000&#8243; header_font_size=&#8221;37px&#8221; custom_margin=&#8221;5%||||false|false&#8221; custom_padding=&#8221;|10%|||false|false&#8221; global_colors_info=&#8221;{}&#8221;]<\/p>\n<h1><span>Gourmet intertwining of the Karst and Istria with the Michelin Plate Awards<\/span><\/h1>\n<p>[\/et_pb_text][et_pb_text _builder_version=&#8221;4.16&#8243; _module_preset=&#8221;default&#8221; text_font_size=&#8221;14px&#8221; text_line_height=&#8221;1.9em&#8221; custom_margin=&#8221;||-1px|||&#8221; custom_padding=&#8221;|20%|||false|false&#8221; scroll_vertical_motion_enable=&#8221;on&#8221; scroll_vertical_motion=&#8221;0|50|50|100|0.5|0|-0.5&#8243; global_colors_info=&#8221;{}&#8221;]<\/p>\n<p>The in-house chef prepares his gourmet creations on the principle of combining the modern approach with the home-made tradition.The modern Karst ingredients are given a modern note and the soul of Istria, transforming a traditional dish into a new experience. The choice of ingredients is always local, seasonal, and organic, from the home garden, and the creation of plates is inspiring and far from traditional.<\/p>\n<p>[\/et_pb_text][et_pb_text _builder_version=&#8221;4.25.0&#8243; _module_preset=&#8221;default&#8221; global_colors_info=&#8221;{}&#8221;]<\/p>\n<p><img loading=\"lazy\" decoding=\"async\" src=\"https:\/\/krasna-hisa.si\/en\/wp-content\/uploads\/2024\/06\/MICHELIN-2024_Selected_Vertical_Red-300x121.png\" width=\"144\" height=\"58\" alt=\"\" class=\"wp-image-1035 alignnone size-medium\" \/><\/p>\n<p>[\/et_pb_text][\/et_pb_column][\/et_pb_row][\/et_pb_section][et_pb_section fb_built=&#8221;1&#8243; specialty=&#8221;on&#8221; _builder_version=&#8221;4.16&#8243; _module_preset=&#8221;default&#8221; custom_padding=&#8221;19px||4px|||&#8221; global_colors_info=&#8221;{}&#8221; locked=&#8221;off&#8221; theme_builder_area=&#8221;post_content&#8221;][et_pb_column type=&#8221;1_2&#8243; _builder_version=&#8221;4.16&#8243; custom_padding=&#8221;|||&#8221; global_colors_info=&#8221;{}&#8221; custom_padding__hover=&#8221;|||&#8221; theme_builder_area=&#8221;post_content&#8221;][et_pb_cta _builder_version=&#8221;4.27.4&#8243; _module_preset=&#8221;default&#8221; body_line_height=&#8221;1.4em&#8221; background_enable_color=&#8221;off&#8221; background_layout=&#8221;light&#8221; min_height=&#8221;280px&#8221; custom_padding=&#8221;|||35px||&#8221; border_width_all=&#8221;2px&#8221; border_style_all=&#8221;dashed&#8221; global_colors_info=&#8221;{}&#8221; theme_builder_area=&#8221;post_content&#8221;]<\/p>\n<p style=\"font-weight: 400; text-align: left;\"><strong>Dear Guests,<\/strong><\/p>\n<p style=\"font-weight: 400; text-align: left;\">for those wishing to enjoy our cuisine, we kindly inform you that our restaurant is open exclusively upon prior reservation.<\/p>\n<p style=\"font-weight: 400; text-align: left;\"><strong>Open by reservation for:<\/strong><\/p>\n<ul style=\"font-weight: 400; text-align: left;\">\n<li>groups of 6 people or more,<\/li>\n<li>business lunches and dinners,<\/li>\n<li>private events and tasting experiences.<\/li>\n<\/ul>\n<p style=\"font-weight: 400; text-align: left;\">Once a reservation for at least 6 people is confirmed for a specific date, the booking will also be opened to other guests who wish to reserve a table and experience the flavours of Hi\u0161a Krasna.<\/p>\n<p style=\"font-weight: 400; text-align: left;\">Should you not yet have a reservation, we warmly invite you to arrange one in advance so we can create a pleasant and memorable culinary experience for you.<\/p>\n<p>[\/et_pb_cta][\/et_pb_column][et_pb_column type=&#8221;1_2&#8243; specialty_columns=&#8221;2&#8243; _builder_version=&#8221;4.16&#8243; custom_padding=&#8221;|||&#8221; global_colors_info=&#8221;{}&#8221; custom_padding__hover=&#8221;|||&#8221; theme_builder_area=&#8221;post_content&#8221;][et_pb_row_inner _builder_version=&#8221;4.16&#8243; _module_preset=&#8221;default&#8221; global_colors_info=&#8221;{}&#8221; theme_builder_area=&#8221;post_content&#8221;][et_pb_column_inner saved_specialty_column_type=&#8221;1_2&#8243; _builder_version=&#8221;4.16&#8243; _module_preset=&#8221;default&#8221; global_colors_info=&#8221;{}&#8221; theme_builder_area=&#8221;post_content&#8221;][et_pb_text _builder_version=&#8221;4.16&#8243; _module_preset=&#8221;default&#8221; text_text_color=&#8221;#FFFFFF&#8221; text_font_size=&#8221;15px&#8221; text_line_height=&#8221;1.6em&#8221; background_color=&#8221;#a97c50&#8243; text_orientation=&#8221;center&#8221; custom_margin=&#8221;||||true|true&#8221; custom_padding=&#8221;40px|50px|40px|50px|true|true&#8221; global_colors_info=&#8221;{}&#8221; theme_builder_area=&#8221;post_content&#8221;]<\/p>\n<p>Since we want your experience to be unforgettable, we ask you to pre-announce and book the desired date on the telephone number 040 214 226 or via e-mail at<span>\u00a0<\/span><span><a href=\"mailto:info@hisa-krasna.si\">info@hisa-krasna.si<\/a><\/span><span>.<\/span><\/p>\n<p><span><\/span><\/p>\n<p><span><\/span><\/p>\n<div>\n<p><strong><span lang=\"EN-GB\">OPENING HOURS<o:p><\/o:p><\/span><\/strong><\/p>\n<\/div>\n<div>\n<p><span lang=\"EN-GB\"><br \/>Breakfast: 08:30\u201310:00<br \/>Lunch: by prior arrangement<br \/>Dinner: by prior arrangement<o:p><\/o:p><\/span><\/p>\n<\/div>\n<div>\n<p><span lang=\"EN-GB\"><o:p>\u00a0<\/o:p><\/span><\/p>\n<\/div>\n<div>\n<p><span lang=\"EN-GB\">Opening hours may vary seasonally.<o:p><\/o:p><\/span><\/p>\n<\/div>\n<p>[\/et_pb_text][\/et_pb_column_inner][\/et_pb_row_inner][\/et_pb_column][\/et_pb_section][et_pb_section fb_built=&#8221;1&#8243; _builder_version=&#8221;4.9.10&#8243; _module_preset=&#8221;default&#8221; custom_padding=&#8221;0px|||||&#8221; global_module=&#8221;416&#8243; saved_tabs=&#8221;all&#8221; global_colors_info=&#8221;{}&#8221;][et_pb_row _builder_version=&#8221;4.16&#8243; _module_preset=&#8221;default&#8221; background_enable_color=&#8221;off&#8221; width=&#8221;100%&#8221; max_width=&#8221;2560px&#8221; module_alignment=&#8221;center&#8221; custom_margin=&#8221;34px|auto|3px|auto||&#8221; custom_padding=&#8221;3px|||||&#8221; scroll_vertical_motion=&#8221;0|50|50|100|0.5|0|-0.5&#8243; global_colors_info=&#8221;{}&#8221;][et_pb_column type=&#8221;4_4&#8243; _builder_version=&#8221;4.16&#8243; _module_preset=&#8221;default&#8221; global_colors_info=&#8221;{}&#8221;][dsm_image_accordion image_accordion_type=&#8221;on_click&#8221; ia_height=&#8221;681px&#8221; _builder_version=&#8221;4.16&#8243; _module_preset=&#8221;default&#8221; global_colors_info=&#8221;{}&#8221;][dsm_image_accordion_child image_accordion_src=&#8221;https:\/\/krasna-hisa.si\/en\/wp-content\/uploads\/2021\/12\/HIS\u030cAKRASNA25-scaled.jpg&#8221; use_accordion_icon=&#8221;off&#8221; image_accordion_title=&#8221;Rooms&#8221; image_accordion_desc=&#8221;Relaxed accommodation in six larger-than-average rooms with a view of the green Koko\u0161ka and the famous Karst sinkhole. No television and electronic devices.&#8221; show_ia_button=&#8221;on&#8221; ia_button_text=&#8221;More&#8221; ia_button_link=&#8221;https:\/\/krasna-hisa.si\/en\/namestitev\/&#8221; ia_button_link_target=&#8221;1&#8243; ia_align_horizontal=&#8221;left&#8221; _builder_version=&#8221;4.16&#8243; _module_preset=&#8221;default&#8221; title_text_color=&#8221;#FFFFFF&#8221; title_font_size=&#8221;54px&#8221; desc_font_size=&#8221;15px&#8221; background_color=&#8221;RGBA(0,0,0,0)&#8221; background_enable_color=&#8221;on&#8221; custom_button=&#8221;on&#8221; button_text_color=&#8221;#FFFFFF&#8221; button_alignment=&#8221;left&#8221; custom_padding=&#8221;|||10%|false|false&#8221; global_colors_info=&#8221;{}&#8221;][\/dsm_image_accordion_child][dsm_image_accordion_child expanded_item=&#8221;on&#8221; image_accordion_src=&#8221;https:\/\/krasna-hisa.si\/en\/wp-content\/uploads\/2021\/07\/541A9009.jpg&#8221; use_accordion_icon=&#8221;off&#8221; image_accordion_title=&#8221;Modern &#038; Local&#8221; image_accordion_desc=&#8221;An idyllic restaurant of Istrian and Karst flavors, winner of the 2020, 2021 and 2022 Michelin Plate Awards.&#8221; show_ia_button=&#8221;on&#8221; ia_button_text=&#8221;More&#8221; ia_button_link=&#8221;https:\/\/krasna-hisa.si\/en\/kulinarika-2\/&#8221; ia_button_link_target=&#8221;1&#8243; ia_align_horizontal=&#8221;left&#8221; _builder_version=&#8221;4.18.0&#8243; _module_preset=&#8221;default&#8221; title_text_color=&#8221;#FFFFFF&#8221; title_font_size=&#8221;54px&#8221; desc_font_size=&#8221;15px&#8221; background_color=&#8221;RGBA(0,0,0,0)&#8221; background_enable_color=&#8221;on&#8221; custom_button=&#8221;on&#8221; button_text_color=&#8221;#FFFFFF&#8221; button_alignment=&#8221;left&#8221; custom_padding=&#8221;|||10%|false|false&#8221; global_colors_info=&#8221;{}&#8221;][\/dsm_image_accordion_child][dsm_image_accordion_child image_accordion_src=&#8221;https:\/\/krasna-hisa.si\/en\/wp-content\/uploads\/2021\/06\/fotor19.jpg&#8221; use_accordion_icon=&#8221;off&#8221; image_accordion_title=&#8221;Beautiful Karst&#8221; image_accordion_desc=&#8221;A small village with a big character is already looking forward to seeing you.&#8221; show_ia_button=&#8221;on&#8221; ia_button_text=&#8221;More&#8221; ia_button_link=&#8221;https:\/\/krasna-hisa.si\/en\/dozivite-kras\/&#8221; ia_button_link_target=&#8221;1&#8243; ia_align_horizontal=&#8221;left&#8221; _builder_version=&#8221;4.16&#8243; _module_preset=&#8221;default&#8221; title_text_color=&#8221;#FFFFFF&#8221; title_font_size=&#8221;54px&#8221; desc_font_size=&#8221;15px&#8221; background_color=&#8221;RGBA(0,0,0,0)&#8221; background_enable_color=&#8221;on&#8221; custom_button=&#8221;on&#8221; button_text_color=&#8221;#FFFFFF&#8221; button_alignment=&#8221;left&#8221; custom_padding=&#8221;|||10%|false|false&#8221; global_colors_info=&#8221;{}&#8221;][\/dsm_image_accordion_child][\/dsm_image_accordion][\/et_pb_column][\/et_pb_row][\/et_pb_section][et_pb_section fb_built=&#8221;1&#8243; _builder_version=&#8221;4.16&#8243; _module_preset=&#8221;default&#8221; custom_padding=&#8221;5px|||||&#8221; global_colors_info=&#8221;{}&#8221;][\/et_pb_section]<\/p>\n","protected":false},"excerpt":{"rendered":"<p>Dobrodo\u0161li v Hi\u0161i Krasna. V buti\u010dnem hotelu v osr\u010dju \u010dudodelnega Krasa in vrhunski restavraciji, prejemnici presti\u017ene nagrade Michelin Plate Award 2020. \u017divljenju se nikoli ne mudi. Naj bo tak\u0161en tudi va\u0161 oddih.<\/p>\n","protected":false},"author":4,"featured_media":371,"parent":0,"menu_order":0,"comment_status":"closed","ping_status":"closed","template":"","meta":{"_et_pb_use_builder":"on","_et_pb_old_content":"","_et_gb_content_width":"","footnotes":""},"class_list":["post-8","page","type-page","status-publish","has-post-thumbnail","hentry"],"_links":{"self":[{"href":"https:\/\/krasna-hisa.si\/en\/wp-json\/wp\/v2\/pages\/8","targetHints":{"allow":["GET"]}}],"collection":[{"href":"https:\/\/krasna-hisa.si\/en\/wp-json\/wp\/v2\/pages"}],"about":[{"href":"https:\/\/krasna-hisa.si\/en\/wp-json\/wp\/v2\/types\/page"}],"author":[{"embeddable":true,"href":"https:\/\/krasna-hisa.si\/en\/wp-json\/wp\/v2\/users\/4"}],"replies":[{"embeddable":true,"href":"https:\/\/krasna-hisa.si\/en\/wp-json\/wp\/v2\/comments?post=8"}],"version-history":[{"count":0,"href":"https:\/\/krasna-hisa.si\/en\/wp-json\/wp\/v2\/pages\/8\/revisions"}],"wp:featuredmedia":[{"embeddable":true,"href":"https:\/\/krasna-hisa.si\/en\/wp-json\/wp\/v2\/media\/371"}],"wp:attachment":[{"href":"https:\/\/krasna-hisa.si\/en\/wp-json\/wp\/v2\/media?parent=8"}],"curies":[{"name":"wp","href":"https:\/\/api.w.org\/{rel}","templated":true}]}}