{"id":589,"date":"2021-11-23T08:40:43","date_gmt":"2021-11-23T08:40:43","guid":{"rendered":"https:\/\/krasna-hisa.si\/en\/?page_id=589"},"modified":"2025-09-02T04:35:56","modified_gmt":"2025-09-02T04:35:56","slug":"rezervirajte-sobo","status":"publish","type":"page","link":"https:\/\/krasna-hisa.si\/en\/rezervirajte-sobo\/","title":{"rendered":"Book a room"},"content":{"rendered":"<p>[et_pb_section fb_built=&#8221;1&#8243; disabled_on=&#8221;off|off|off&#8221; _builder_version=&#8221;4.27.3&#8243; _module_preset=&#8221;default&#8221; background_image=&#8221;https:\/\/krasna-hisa.si\/en\/wp-content\/uploads\/2025\/09\/DSC_1600-HDR-Edit-300&#215;200.jpg&#8221; custom_padding=&#8221;11px||40px|||&#8221; hover_enabled=&#8221;0&#8243; global_colors_info=&#8221;{}&#8221; title_text=&#8221;DSC_1600-HDR-Edit&#8221; sticky_enabled=&#8221;0&#8243;][et_pb_row column_structure=&#8221;1_4,1_4,1_4,1_4&#8243; disabled_on=&#8221;off|off|off&#8221; _builder_version=&#8221;4.25.0&#8243; _module_preset=&#8221;default&#8221; background_enable_color=&#8221;off&#8221; width=&#8221;90%&#8221; max_width=&#8221;1350px&#8221; disabled=&#8221;on&#8221; global_module=&#8221;414&#8243; saved_tabs=&#8221;all&#8221; global_colors_info=&#8221;{}&#8221;][et_pb_column type=&#8221;1_4&#8243; _builder_version=&#8221;4.16&#8243; _module_preset=&#8221;default&#8221; global_colors_info=&#8221;{}&#8221;][et_pb_button button_url=&#8221;https:\/\/krasna-hisa.si\/en\/rezervirajte-sobo\/&#8221; button_text=&#8221;BOOK A ROOM&#8221; _builder_version=&#8221;4.16&#8243; _module_preset=&#8221;default&#8221; custom_button=&#8221;on&#8221; button_text_size=&#8221;15px&#8221; button_text_color=&#8221;#FFFFFF&#8221; button_bg_color=&#8221;rgba(0,0,0,0.41)&#8221; button_border_color=&#8221;#FFFFFF&#8221; button_letter_spacing=&#8221;5px&#8221; button_use_icon=&#8221;off&#8221; custom_margin=&#8221;||9px|||&#8221; custom_padding=&#8221;10px||5px||false|false&#8221; global_colors_info=&#8221;{}&#8221;][\/et_pb_button][et_pb_button button_url=&#8221;https:\/\/krasna-hisa.si\/en\/rezervirajte-mizo\/&#8221; url_new_window=&#8221;on&#8221; button_text=&#8221;BOOK A TABLE&#8221; _builder_version=&#8221;4.25.2&#8243; _module_preset=&#8221;default&#8221; custom_button=&#8221;on&#8221; button_text_size=&#8221;15px&#8221; button_text_color=&#8221;#FFFFFF&#8221; button_bg_color=&#8221;rgba(0,0,0,0.41)&#8221; button_border_color=&#8221;#FFFFFF&#8221; button_letter_spacing=&#8221;5px&#8221; button_use_icon=&#8221;off&#8221; custom_margin=&#8221;||9px|||&#8221; custom_padding=&#8221;10px||5px||false|false&#8221; global_colors_info=&#8221;{}&#8221;][\/et_pb_button][\/et_pb_column][et_pb_column type=&#8221;1_4&#8243; _builder_version=&#8221;4.16&#8243; _module_preset=&#8221;default&#8221; global_colors_info=&#8221;{}&#8221;][\/et_pb_column][et_pb_column type=&#8221;1_4&#8243; _builder_version=&#8221;4.16&#8243; _module_preset=&#8221;default&#8221; global_colors_info=&#8221;{}&#8221;][\/et_pb_column][et_pb_column type=&#8221;1_4&#8243; _builder_version=&#8221;4.16&#8243; _module_preset=&#8221;default&#8221; global_colors_info=&#8221;{}&#8221;][\/et_pb_column][\/et_pb_row][et_pb_row _builder_version=&#8221;4.16&#8243; _module_preset=&#8221;default&#8221; background_enable_color=&#8221;off&#8221; width=&#8221;85%&#8221; max_width=&#8221;2560px&#8221; custom_margin=&#8221;140px|auto||auto||&#8221; global_colors_info=&#8221;{}&#8221;][et_pb_column type=&#8221;4_4&#8243; _builder_version=&#8221;4.16&#8243; _module_preset=&#8221;default&#8221; global_colors_info=&#8221;{}&#8221;][dsm_typing_effect typing_effect=&#8221;Book a room&#8221; before_new_line=&#8221;on&#8221; typing_loop=&#8221;off&#8221; typing_speed=&#8221;285ms&#8221; _builder_version=&#8221;4.16&#8243; _module_preset=&#8221;default&#8221; header_text_color=&#8221;#FFFFFF&#8221; header_font_size=&#8221;57px&#8221; global_colors_info=&#8221;{}&#8221;][\/dsm_typing_effect][\/et_pb_column][\/et_pb_row][\/et_pb_section][et_pb_section fb_built=&#8221;1&#8243; _builder_version=&#8221;4.25.0&#8243; _module_preset=&#8221;default&#8221; background_color=&#8221;#a97c50&#8243; custom_margin=&#8221;0px||0px||false|false&#8221; custom_padding=&#8221;0px||0px||false|false&#8221; locked=&#8221;off&#8221; global_colors_info=&#8221;{}&#8221;][et_pb_row _builder_version=&#8221;4.25.0&#8243; _module_preset=&#8221;default&#8221; background_color=&#8221;RGBA(255,255,255,0)&#8221; global_colors_info=&#8221;{}&#8221;][et_pb_column type=&#8221;4_4&#8243; _builder_version=&#8221;4.25.0&#8243; _module_preset=&#8221;default&#8221; global_colors_info=&#8221;{}&#8221;][et_pb_text _builder_version=&#8221;4.25.0&#8243; _module_preset=&#8221;default&#8221; background_color=&#8221;RGBA(255,255,255,0)&#8221; custom_margin=&#8221;0px||0px||false|false&#8221; custom_padding=&#8221;0px||0px||false|false&#8221; global_colors_info=&#8221;{}&#8221;]<\/p>\n<div class=\"bentral-book-form input animated slideInDown\" data-init-type=\"onDocumentReady\" data-lang=\"en\" data-lang-plugin=\"auto\" data-date-type=\"input\" data-detect-lang=\"1\" data-auto-open-from-date=\"0\" data-auto-open-to-date=\"1\" data-days-between-dates=\"1\" data-days-from-today=\"0\" data-results-offset=\"-30\" data-result-mode=\"card\" data-result-redirect-url=\"https:\/\/domain.com\/custom-page\" data-root-url=\"https:\/\/krasna-hisa.si\/en\/wp-json\/bentral\/v2\/search\" data-search-tags=\"*\" style=\"display: block;\">\r\n    <form class=\"bentral-search-form\" method=\"get\">\r\n        <div class=\"container mx-auto\">\r\n            <div class=\"grid grid-cols-1 md:grid-cols-2 lg:grid-cols-4 p-2\">\r\n                <div class=\"bentral-input-box bentral-from justify-center p-2\">\r\n                    <h6 class=\"bentral-date-title box-title w-full mb-4\">Check-in<\/h6>\r\n                    <div class=\"bentral-date box-border w-full inline-flex cursor-pointer\">\r\n                        <input type=\"text\" class=\"bentral-input border border-gray-400\" name=\"bentral_date_from\" value=\"2026-04-25\" data-date=\"2026-04-25\">\r\n                    <\/div>\r\n                <\/div>\r\n                <div class=\"bentral-input-box bentral-to justify-center p-2\">\r\n                    <h6 class=\"bentral-date-title box-title w-full mb-4\">Check-out<\/h6>\r\n                    <div class=\"bentral-date box-border w-full inline-flex  cursor-pointer\">\r\n                        <input type=\"text\" class=\"bentral-input border border-gray-400\" name=\"bentral_date_to\" value=\"2026-04-27\" data-date=\"2026-04-27\">\r\n                    <\/div>\r\n                <\/div>\r\n                <div class=\"bentral-input-box bentral-people justify-center p-2\">\r\n                    <h6 class=\"bentral-guests-title box-title w-full mb-4\">Number of guests<\/h6>\r\n                    <div class=\"bentral-guest box-border w-full inline-flex\">\r\n                        <select class=\"bentral-input border border-gray-400\" name=\"bentral_persons\">\r\n                            <option selected value=\"1\">1<\/option><option value=\"2\">2<\/option><option value=\"3\">3<\/option><option value=\"4\">4<\/option><option value=\"5\">5<\/option><option value=\"6\">6<\/option><option value=\"7\">7<\/option><option value=\"8\">8<\/option><option value=\"9\">9<\/option><option value=\"10\">10<\/option>                        <\/select>\r\n                    <\/div>\r\n                <\/div>\r\n                <div class=\"bentral-input-box bentral-search justify-center p-2\">\r\n                    <h6 class=\"bentral-search-title box-title w-full md:mb-4\">\u00a0\u00a0<\/h6>\r\n                    <div class=\"bentral-search-btn text-center px-4 border\">Check availability<\/div>\r\n                <\/div>\r\n            <\/div>\r\n        <\/div>\r\n            <\/form>\r\n<\/div>\n<p>[\/et_pb_text][\/et_pb_column][\/et_pb_row][\/et_pb_section][et_pb_section fb_built=&#8221;1&#8243; admin_label=&#8221;Bentral search results&#8221; _builder_version=&#8221;4.25.0&#8243; _module_preset=&#8221;default&#8221; custom_margin=&#8221;0px||0px||false|false&#8221; custom_padding=&#8221;0px||0px||false|false&#8221; locked=&#8221;off&#8221; global_colors_info=&#8221;{}&#8221;][et_pb_row _builder_version=&#8221;4.25.0&#8243; _module_preset=&#8221;default&#8221; custom_margin=&#8221;0px||0px||false|false&#8221; custom_padding=&#8221;0px||0px||false|false&#8221; global_colors_info=&#8221;{}&#8221;][et_pb_column type=&#8221;4_4&#8243; _builder_version=&#8221;4.25.0&#8243; _module_preset=&#8221;default&#8221; global_colors_info=&#8221;{}&#8221;][et_pb_text _builder_version=&#8221;4.25.0&#8243; _module_preset=&#8221;default&#8221; background_color=&#8221;RGBA(255,255,255,0)&#8221; custom_margin=&#8221;0px||0px||false|false&#8221; custom_padding=&#8221;0px||0px||false|false&#8221; global_colors_info=&#8221;{}&#8221;]<\/p>\n    <style>\r\n        @keyframes bentral-animation{0%{top:8px;height:64px}50%,to{top:24px;height:32px}}.hover-zoom{transition:.2s}.hover-zoom:hover{transform:scale(1.1);transition:.3s}.bentral-search-loader{width:100%;text-align:center;padding:40px}.bentral-animation{display:inline-block;position:relative;width:80px;height:80px}.bentral-animation div{display:inline-block;position:absolute;left:8px;width:16px;background:rgba(0,0,0,.2);animation:bentral-animation 1.2s cubic-bezier(0,.5,.5,1) infinite}.bentral-animation div:nth-child(1){left:8px;animation-delay:-.24s}.bentral-animation div:nth-child(2){left:32px;animation-delay:-.12s}.bentral-animation div:nth-child(3){left:56px;animation-delay:0ms}.bentra-empty-search-result,.bentra-error-search-result{text-align:center;padding:40px}\r\n        \/* TRATA *\/\r\n\r\n.bentral-items {\r\n    display: flex;\r\n}\r\n\r\n.bentral-items .card {\r\n    padding: 0;\r\n    border-radius: 0;\r\n    box-shadow: 1px 1px 5px 0px rgb(0 0 0 \/ 30%);\r\n    overflow: hidden;\r\n    height: 430px;\r\n}\r\n\r\n.bentral-items .card a:hover {\r\n    text-decoration: none;\r\n}\r\n\r\n\/* IMAGE *\/\r\n.bentral-items .image-placeholder {\r\n    background-position: center center;\r\n    background-repeat: no-repeat;\r\n    background-size: cover;\r\n    height: 220px;\r\n    overflow: hidden;\r\n}\r\n\r\n.bentral-items .image-placeholder .bg-image {\r\n    -webkit-transform: scale(1);\r\n    -webkit-transition: all 0.7s ease;\r\n    transform: scale(1);\r\n    transition: all 0.7s ease;\r\n    height: 100%;\r\n    width: 100%;\r\n    background-position: center center;\r\n    background-size: cover;\r\n}\r\n\r\n.bentral-items .image-placeholder .bg-image:hover {\r\n    -webkit-transform: scale(1.1);\r\n    transform: scale(1.1);\r\n}\r\n\r\n\/* IMAGE - DISCOUNT *\/\r\n\r\n.bentral-items .image-placeholder .discount {\r\n    font-family: 'Montserrat';\r\n    z-index: 1;\r\n    top: 40px;\r\n    right: 0;\r\n    float: right;\r\n    display: none;\r\n    position: relative;\r\n    background: transparent;\r\n}\r\n\r\n.bentral-items .image-placeholder .discount.show {\r\n    display:block;\r\n}\r\n\r\n.bentral-items .image-placeholder .discount .percent {\r\n    width: 100%;\r\n    display: block;\r\n}\r\n\r\n.bentral-items .image-placeholder .discount .percent .text {\r\n    font-family: 'Montserrat';\r\n    display: block;\r\n    background-color: #f6b570;\r\n    text-align: right;\r\n    padding: 0 10px;\r\n    font-size: 18px;\r\n    font-weight: 600;\r\n    color: #bf291e;\r\n    width: auto;\r\n    float: right;\r\n}\r\n\r\n.bentral-items .image-placeholder .discount .value {\r\n    width: 100%;\r\n    display: block;\r\n}\r\n\r\n.bentral-items .image-placeholder .discount .value .text {\r\n    display: block;\r\n    background-color: #f96b6f;\r\n    text-align: right;\r\n    padding: 0px 10px;\r\n    font-size: 14px;\r\n    font-weight: 500;\r\n    color: #fff;\r\n    width: auto;\r\n    float: right;\r\n}\r\n\r\n.bentral-items .image-placeholder .discount .value {\r\n    display: block;\r\n    z-index: 1;\r\n}\r\n\r\n\/* IMAGE - PROPERTY TITLE *\/\r\n\r\n.bentral-items .image-placeholder .title {\r\n    position: relative;\r\n    bottom: 30px;\r\n    width: 100%;\r\n    display: block;\r\n    height: 30px;\r\n}\r\n\r\n.bentral-items .image-placeholder .title .text {\r\n    color: #fff !important;\r\n    text-transform: uppercase;\r\n    letter-spacing: 2px;\r\n    font-size: 11px;\r\n    line-height: 30px;\r\n    padding: 0 20px;\r\n    font-weight: 500;\r\n    font-family: 'Montserrat';\r\n    display: block;\r\n}\r\n\r\n\/* BODY *\/\r\n.bentral-items .body {\r\n    padding: 20px 25px;\r\n    display: flex;\r\n    flex-direction: column;\r\n    flex-wrap: nowrap;\r\n    align-content: flex-start;\r\n    justify-content: flex-start;\r\n    align-items: stretch;\r\n}\r\n\r\n\/* BODY - TITLE *\/\r\n.bentral-items .body .title {\r\n    margin: 0;\r\n    padding: 0;\r\n    height: 50px;\r\n    text-align: left;\r\n    overflow: hidden;\r\n    line-break: auto;\r\n    font-family: Merienda;\r\n    font-style: normal;\r\n    font-weight: 700;\r\n    font-size: 20px;\r\n    line-height: 24px;\r\n    color: #04122E;\r\n    display: inherit;\r\n}\r\n\r\n\/* BODY - ITEMS *\/\r\n\r\n.bentral-items .body  .info {\r\n    margin: 5px 0 0 0;\r\n    display: flex;\r\n    justify-items: start;\r\n    flex-direction: row;\r\n    flex-wrap: nowrap;\r\n}\r\n\r\n.bentral-items .body  .info div {\r\n    width: 50%;\r\n}\r\n\r\n.bentral-items .body .info div {\r\n    font-weight: 500;\r\n    font-size: 17px;\r\n    display: flex;\r\n    flex-direction: row;\r\n    flex-wrap: nowrap;\r\n    justify-content: flex-start;\r\n    margin-bottom: 5px;\r\n}\r\n\r\n.bentral-items .body .info i {\r\n    color: #498a8a;\r\n    width: 24px;\r\n    height: 33px;\r\n    display: flex;\r\n    align-items: center;\r\n    justify-content: flex-start;\r\n}\r\n\r\n.bentral-items .body svg.icon {\r\n    width: 15px;\r\n    height: 14px;\r\n    margin-right: 4px;\r\n}\r\n\r\n\r\n.bentral-items .body .info .text {\r\n    text-transform: uppercase;\r\n}\r\n\r\n\/* BODY - PRICE *\/\r\n\r\n.bentral-items .body .price-big {\r\n    display: flex;\r\n    flex-direction: row;\r\n    flex-wrap: nowrap;\r\n    justify-content: center;\r\n}\r\n\r\n.bentral-items .body .price-big .text {\r\n    font-style: normal;\r\n    font-weight: 600;\r\n    font-size: 31px;\r\n    line-height: 33px;\r\n    color: #04122E;\r\n    margin-top: 15px;\r\n    text-align: center;\r\n}\r\n\r\n.bentral-items .body .price-big .warning {\r\n    display:none;\r\n    margin-top: 5px;\r\n    margin-left: 5px;\r\n}\r\n\r\n.bentral-items .body .price-big .warning.show {\r\n    display:block;\r\n}\r\n\r\n.bentral-items .body .price-big .warning i {\r\n    color: #498a8a;\r\n}\r\n\r\n\r\n\/* BODY - BUTTON *\/\r\n.bentral-items .body a.bentral-book {\r\n    background: #a97c50;\r\n    border-radius: 0;\r\n    color: #FFF!important;\r\n    height: 46px;\r\n    line-height: 46px;\r\n    cursor: pointer;\r\n    text-transform: uppercase;\r\n    transition: all .2s linear;\r\n    font-family: \"Barlow Semi Condensed\";\r\n    font-size: 16.45px;\r\n    font-weight: 300;\r\n    letter-spacing: 0.8px;\r\n    display: flex;\r\n    align-items: center;\r\n    justify-content: center;\r\n    text-align: center;\r\n    margin-top: 9px;\r\n}\r\n    <\/style>\r\n    <div class=\"bentral-search-loader \" style=\"display: none;\">\r\n        <div class=\"bentral-animation\">\r\n            <div><\/div>\r\n            <div><\/div>\r\n            <div><\/div>\r\n        <\/div>\r\n    <\/div>\r\n<div class=\"container mx-auto\">\r\n    <div class=\"flex flex-wrap bentral-search-results bentral-items -mx-4\" data-block=\"bentral-search-results\"><\/div>\r\n<\/div>\n<p>[\/et_pb_text][\/et_pb_column][\/et_pb_row][\/et_pb_section]<\/p>\n","protected":false},"excerpt":{"rendered":"<p>V Hi\u0161i Krasna se v vsakem koti\u010dku in na vsakem koraku tesno prepletata topla, temperamentna in romanti\u010dna Istra in trdo\u017eiv, \u0161armanten in navdihujo\u010d Kras, podobno kot njena lastnika Dajana in Boris  \u0160kibin.<\/p>\n","protected":false},"author":2,"featured_media":561,"parent":0,"menu_order":0,"comment_status":"closed","ping_status":"closed","template":"","meta":{"_et_pb_use_builder":"on","_et_pb_old_content":"","_et_gb_content_width":"","footnotes":""},"class_list":["post-589","page","type-page","status-publish","has-post-thumbnail","hentry"],"_links":{"self":[{"href":"https:\/\/krasna-hisa.si\/en\/wp-json\/wp\/v2\/pages\/589","targetHints":{"allow":["GET"]}}],"collection":[{"href":"https:\/\/krasna-hisa.si\/en\/wp-json\/wp\/v2\/pages"}],"about":[{"href":"https:\/\/krasna-hisa.si\/en\/wp-json\/wp\/v2\/types\/page"}],"author":[{"embeddable":true,"href":"https:\/\/krasna-hisa.si\/en\/wp-json\/wp\/v2\/users\/2"}],"replies":[{"embeddable":true,"href":"https:\/\/krasna-hisa.si\/en\/wp-json\/wp\/v2\/comments?post=589"}],"version-history":[{"count":0,"href":"https:\/\/krasna-hisa.si\/en\/wp-json\/wp\/v2\/pages\/589\/revisions"}],"wp:featuredmedia":[{"embeddable":true,"href":"https:\/\/krasna-hisa.si\/en\/wp-json\/wp\/v2\/media\/561"}],"wp:attachment":[{"href":"https:\/\/krasna-hisa.si\/en\/wp-json\/wp\/v2\/media?parent=589"}],"curies":[{"name":"wp","href":"https:\/\/api.w.org\/{rel}","templated":true}]}}