{"id":474,"date":"2021-09-13T12:32:22","date_gmt":"2021-09-13T12:32:22","guid":{"rendered":"https:\/\/krasna-hisa.si\/en\/?page_id=474"},"modified":"2022-02-02T08:25:16","modified_gmt":"2022-02-02T08:25:16","slug":"dozivite-kras","status":"publish","type":"page","link":"https:\/\/krasna-hisa.si\/en\/dozivite-kras\/","title":{"rendered":"Experience Karst"},"content":{"rendered":"<p>[et_pb_section fb_built=&#8221;1&#8243; _builder_version=&#8221;4.10.7&#8243; _module_preset=&#8221;default&#8221; background_image=&#8221;https:\/\/krasna-hisa.si\/en\/wp-content\/uploads\/2021\/06\/fotor19.jpg&#8221; custom_padding=&#8221;11px||40px|||&#8221; global_colors_info=&#8221;{}&#8221;][et_pb_row column_structure=&#8221;1_4,1_4,1_4,1_4&#8243; _builder_version=&#8221;4.10.7&#8243; _module_preset=&#8221;default&#8221; background_enable_color=&#8221;off&#8221; width=&#8221;90%&#8221; max_width=&#8221;1350px&#8221; global_module=&#8221;414&#8243; saved_tabs=&#8221;all&#8221; global_colors_info=&#8221;{}&#8221;][et_pb_column type=&#8221;1_4&#8243; _builder_version=&#8221;4.9.10&#8243; _module_preset=&#8221;default&#8221; global_colors_info=&#8221;{}&#8221;][et_pb_button button_url=&#8221;https:\/\/krasna-hisa.si\/en\/rezervirajte-sobo\/&#8221; button_text=&#8221;BOOK A ROOM&#8221; _builder_version=&#8221;4.14.6&#8243; _module_preset=&#8221;default&#8221; custom_button=&#8221;on&#8221; button_text_size=&#8221;15px&#8221; button_text_color=&#8221;#FFFFFF&#8221; button_bg_color=&#8221;rgba(0,0,0,0.41)&#8221; button_border_color=&#8221;#FFFFFF&#8221; button_letter_spacing=&#8221;5px&#8221; button_use_icon=&#8221;off&#8221; custom_margin=&#8221;||9px|||&#8221; custom_padding=&#8221;10px||5px||false|false&#8221; global_colors_info=&#8221;{}&#8221;][\/et_pb_button][et_pb_button button_url=&#8221;https:\/\/krasna-hisa.si\/en\/rezervirajte-mizo\/&#8221; button_text=&#8221;BOOK A TABLE&#8221; _builder_version=&#8221;4.14.0&#8243; _module_preset=&#8221;default&#8221; custom_button=&#8221;on&#8221; button_text_size=&#8221;15px&#8221; button_text_color=&#8221;#FFFFFF&#8221; button_bg_color=&#8221;rgba(0,0,0,0.41)&#8221; button_border_color=&#8221;#FFFFFF&#8221; button_letter_spacing=&#8221;5px&#8221; button_use_icon=&#8221;off&#8221; custom_margin=&#8221;||9px|||&#8221; custom_padding=&#8221;10px||5px||false|false&#8221; global_colors_info=&#8221;{}&#8221;][\/et_pb_button][\/et_pb_column][et_pb_column type=&#8221;1_4&#8243; _builder_version=&#8221;4.9.10&#8243; _module_preset=&#8221;default&#8221; global_colors_info=&#8221;{}&#8221;][\/et_pb_column][et_pb_column type=&#8221;1_4&#8243; _builder_version=&#8221;4.9.10&#8243; _module_preset=&#8221;default&#8221; global_colors_info=&#8221;{}&#8221;][\/et_pb_column][et_pb_column type=&#8221;1_4&#8243; _builder_version=&#8221;4.10.7&#8243; _module_preset=&#8221;default&#8221; global_colors_info=&#8221;{}&#8221;][\/et_pb_column][\/et_pb_row][et_pb_row _builder_version=&#8221;4.9.10&#8243; _module_preset=&#8221;default&#8221; background_enable_color=&#8221;off&#8221; width=&#8221;85%&#8221; max_width=&#8221;2560px&#8221; custom_margin=&#8221;140px|auto||auto||&#8221; global_colors_info=&#8221;{}&#8221;][et_pb_column type=&#8221;4_4&#8243; _builder_version=&#8221;4.9.10&#8243; _module_preset=&#8221;default&#8221; global_colors_info=&#8221;{}&#8221;][dsm_typing_effect typing_effect=&#8221;Experience the Karst&#8221; before_new_line=&#8221;on&#8221; typing_loop=&#8221;off&#8221; typing_speed=&#8221;285ms&#8221; _builder_version=&#8221;4.14.0&#8243; _module_preset=&#8221;default&#8221; header_text_color=&#8221;#FFFFFF&#8221; header_font_size=&#8221;57px&#8221; global_colors_info=&#8221;{}&#8221;][\/dsm_typing_effect][\/et_pb_column][\/et_pb_row][\/et_pb_section][et_pb_section fb_built=&#8221;1&#8243; _builder_version=&#8221;4.9.10&#8243; _module_preset=&#8221;default&#8221; custom_padding=&#8221;||10px|||&#8221; global_colors_info=&#8221;{}&#8221;][et_pb_row column_structure=&#8221;1_4,1_2,1_4&#8243; _builder_version=&#8221;4.9.10&#8243; _module_preset=&#8221;default&#8221; background_enable_color=&#8221;off&#8221; width=&#8221;90%&#8221; max_width=&#8221;1350px&#8221; custom_margin=&#8221;34px|auto|3px|auto||&#8221; scroll_vertical_motion_enable=&#8221;on&#8221; scroll_vertical_motion=&#8221;0|50|50|100|0.5|0|-0.5&#8243; global_colors_info=&#8221;{}&#8221;][et_pb_column type=&#8221;1_4&#8243; _builder_version=&#8221;4.9.10&#8243; _module_preset=&#8221;default&#8221; global_colors_info=&#8221;{}&#8221;][\/et_pb_column][et_pb_column type=&#8221;1_2&#8243; _builder_version=&#8221;4.9.10&#8243; _module_preset=&#8221;default&#8221; global_colors_info=&#8221;{}&#8221;][et_pb_text _builder_version=&#8221;4.9.10&#8243; _module_preset=&#8221;default&#8221; header_font=&#8221;DM Serif Display||||||||&#8221; header_text_align=&#8221;center&#8221; header_text_color=&#8221;#000000&#8243; header_font_size=&#8221;46px&#8221; global_colors_info=&#8221;{}&#8221;]<\/p>\n<h1>&#8230;<\/h1>\n<p>[\/et_pb_text][et_pb_text _builder_version=&#8221;4.14.0&#8243; _module_preset=&#8221;default&#8221; text_font_size=&#8221;14px&#8221; text_line_height=&#8221;1.9em&#8221; text_orientation=&#8221;center&#8221; custom_margin=&#8221;||30px|||&#8221; scroll_vertical_motion_enable=&#8221;on&#8221; scroll_vertical_motion=&#8221;0|50|50|100|0.5|0|-0.5&#8243; global_colors_info=&#8221;{}&#8221;]<\/p>\n<p>There is a special energy in the Karst \u2013 the village of Lokev has been known since ancient times as a positive energy centre, a perfect stop for relaxation. A small village with a great character is home to the oldest prosciutto factory in the Karst. Also nearby, you can visit the old Lipica stud farm and the gorgeous Slovenian caves. Spend the day outdoors, see the beautiful Karst landscape by bike, turn your lunch into a picnic on the lawn with our basket of goodies, or simply ask us about excursion suggestions.<\/p>\n<p>[\/et_pb_text][\/et_pb_column][et_pb_column type=&#8221;1_4&#8243; _builder_version=&#8221;4.9.10&#8243; _module_preset=&#8221;default&#8221; global_colors_info=&#8221;{}&#8221;][\/et_pb_column][\/et_pb_row][\/et_pb_section][et_pb_section fb_built=&#8221;1&#8243; _builder_version=&#8221;4.9.10&#8243; _module_preset=&#8221;default&#8221; custom_padding=&#8221;5px||1px|||&#8221; global_colors_info=&#8221;{}&#8221;][et_pb_row column_structure=&#8221;2_5,3_5&#8243; _builder_version=&#8221;4.10.7&#8243; _module_preset=&#8221;default&#8221; width=&#8221;90%&#8221; max_width=&#8221;2560px&#8221; module_alignment=&#8221;right&#8221; custom_padding=&#8221;2px|||||&#8221; global_colors_info=&#8221;{}&#8221;][et_pb_column type=&#8221;2_5&#8243; _builder_version=&#8221;4.9.10&#8243; _module_preset=&#8221;default&#8221; global_colors_info=&#8221;{}&#8221;][et_pb_text _builder_version=&#8221;4.9.10&#8243; _module_preset=&#8221;default&#8221; header_font=&#8221;DM Serif Display||||||||&#8221; header_text_color=&#8221;#000000&#8243; header_font_size=&#8221;46px&#8221; custom_margin=&#8221;5%||||false|false&#8221; custom_padding=&#8221;|10%|||false|false&#8221; global_colors_info=&#8221;{}&#8221;]<\/p>\n<h1>Lipica Stud Farm<\/h1>\n<p>[\/et_pb_text][et_pb_text _builder_version=&#8221;4.9.10&#8243; _module_preset=&#8221;default&#8221; text_font_size=&#8221;14px&#8221; text_line_height=&#8221;1.9em&#8221; custom_margin=&#8221;||-1px|||&#8221; custom_padding=&#8221;|20%|||false|false&#8221; scroll_vertical_motion_enable=&#8221;on&#8221; scroll_vertical_motion=&#8221;0|50|50|100|0.5|0|-0.5&#8243; global_colors_info=&#8221;{}&#8221;]<\/p>\n<p>A 16th-century stud farm, the cradle of our indigenous Lipizzaners, is known and appreciated around the world. Visit the stud farm, Lipikum Museum, take a carriage ride or ride a real Lipizzaner. An emergency stop for anyone who has never seen it before, even for the youngest ones, who can enjoy pony rides.<\/p>\n<p>[\/et_pb_text][\/et_pb_column][et_pb_column type=&#8221;3_5&#8243; _builder_version=&#8221;4.9.10&#8243; _module_preset=&#8221;default&#8221; global_colors_info=&#8221;{}&#8221;][dsm_image_hotspots src=&#8221;https:\/\/krasna-hisa.si\/en\/wp-content\/uploads\/2021\/09\/165521773_3846139045435661_1972487076110535487_n.jpeg&#8221; title_text=&#8221;165521773_3846139045435661_1972487076110535487_n&#8221; icon_color=&#8221;#FFFFFF&#8221; _builder_version=&#8221;4.14.0&#8243; _module_preset=&#8221;default&#8221; global_colors_info=&#8221;{}&#8221;][dsm_image_hotspots_child left_position=&#8221;41%&#8221; top_position=&#8221;70%&#8221; hotspot_padding=&#8221;10px|10px|10px|10px|true|true&#8221; tooltip_background_color=&#8221;#000000&#8243; tooltip_placement=&#8221;right&#8221; _builder_version=&#8221;4.14.0&#8243; _module_preset=&#8221;default&#8221; text_font_size=&#8221;20px&#8221; border_radii_hotspot=&#8221;on|0px|0px|0px|0px&#8221; global_colors_info=&#8221;{}&#8221;]<\/p>\n<p>The Lipica estate is the central attraction of the Karst and one of the main cultural atractions of Slovenia.<\/p>\n<p>[\/dsm_image_hotspots_child][dsm_image_hotspots_child left_position=&#8221;22%&#8221; top_position=&#8221;45%&#8221; hotspot_padding=&#8221;10px|10px|10px|10px|true|true&#8221; tooltip_background_color=&#8221;#000000&#8243; tooltip_placement=&#8221;right&#8221; _builder_version=&#8221;4.14.0&#8243; _module_preset=&#8221;default&#8221; text_font_size=&#8221;20px&#8221; border_radii_hotspot=&#8221;on|0px|0px|0px|0px&#8221; global_colors_info=&#8221;{}&#8221;]<\/p>\n<p>Lipica is home to Lipizzaners and is the largest Lipizzaner stud farm in the world.<\/p>\n<p>[\/dsm_image_hotspots_child][dsm_image_hotspots_child left_position=&#8221;81%&#8221; top_position=&#8221;54%&#8221; hotspot_padding=&#8221;10px|10px|10px|10px|true|true&#8221; tooltip_background_color=&#8221;#000000&#8243; tooltip_placement=&#8221;right&#8221; _builder_version=&#8221;4.14.0&#8243; _module_preset=&#8221;default&#8221; text_font_size=&#8221;20px&#8221; border_radii_hotspot=&#8221;on|0px|0px|0px|0px&#8221; global_colors_info=&#8221;{}&#8221;]<\/p>\n<p>Experience it in the company of more than 300 white Lipizzaners on more than 300 hectares of green space.<\/p>\n<p>[\/dsm_image_hotspots_child][dsm_image_hotspots_child left_position=&#8221;48%&#8221; top_position=&#8221;61%&#8221; hotspot_padding=&#8221;10px|10px|10px|10px|true|true&#8221; tooltip_background_color=&#8221;#000000&#8243; tooltip_placement=&#8221;right&#8221; _builder_version=&#8221;4.10.7&#8243; _module_preset=&#8221;default&#8221; text_font_size=&#8221;20px&#8221; border_radii_hotspot=&#8221;on|0px|0px|0px|0px&#8221; global_colors_info=&#8221;{}&#8221;]<\/p>\n<p><span>Poleg vzreje konj je Lipica spomenik z ve\u010d kot 400 leti kulturne in naravne dedi\u0161\u010dine, ki sta ju sooblikovala so\u017eitje \u010dloveka in konja.<\/span><\/p>\n<p>[\/dsm_image_hotspots_child][\/dsm_image_hotspots][\/et_pb_column][\/et_pb_row][et_pb_row column_structure=&#8221;1_3,1_3,1_3&#8243; _builder_version=&#8221;4.10.7&#8243; _module_preset=&#8221;default&#8221; width=&#8221;85%&#8221; max_width=&#8221;2560px&#8221; custom_padding=&#8221;||50px|||&#8221; global_colors_info=&#8221;{}&#8221;][et_pb_column type=&#8221;1_3&#8243; _builder_version=&#8221;4.10.7&#8243; _module_preset=&#8221;default&#8221; global_colors_info=&#8221;{}&#8221;][et_pb_text _builder_version=&#8221;4.14.0&#8243; _module_preset=&#8221;default&#8221; text_font_size=&#8221;14px&#8221; text_line_height=&#8221;1.9em&#8221; text_orientation=&#8221;center&#8221; custom_margin=&#8221;||30px|||&#8221; scroll_vertical_motion=&#8221;0|50|50|100|0.5|0|-0.5&#8243; global_colors_info=&#8221;{}&#8221;]<\/p>\n<p style=\"text-align: left;\"><strong>LOKEV VILLAGE<\/strong><\/p>\n<p style=\"text-align: left;\">Embark on the discovery of a small village in which the House of Krasna is located, known for its special energy and its exceptional culinary offer of smaller and larger local restaurants and inns. It is also the home of the oldest prosciutto factory in the Karst, the Tabor military museum, the church of Sv. Mihaela with frescoes by Tone Kralj, a Gothic chapel, and the picturesque Fabian Museum Shop from the 1930s.<\/p>\n<p style=\"text-align: left;\"><strong>KOKO\u0160 HILL<\/strong><\/p>\n<p style=\"text-align: left;\">Above the village of Lokev rises the hill Koko\u0161 to the top of which two paths lead, which enable a pleasant three-hour circular trip. Ideal for spring and autumn walks, full of footpaths, bike and horseback riding trails, and places to relax.<\/p>\n<p>[\/et_pb_text][\/et_pb_column][et_pb_column type=&#8221;1_3&#8243; _builder_version=&#8221;4.10.7&#8243; _module_preset=&#8221;default&#8221; global_colors_info=&#8221;{}&#8221;][et_pb_text _builder_version=&#8221;4.10.7&#8243; _module_preset=&#8221;default&#8221; text_font_size=&#8221;14px&#8221; text_line_height=&#8221;1.9em&#8221; text_orientation=&#8221;center&#8221; custom_margin=&#8221;||30px|||&#8221; scroll_vertical_motion=&#8221;0|50|50|100|0.5|0|-0.5&#8243; global_colors_info=&#8221;{}&#8221;]<\/p>\n<p style=\"text-align: left;\"><strong>VILENICA CAVE<\/strong><\/p>\n<p style=\"text-align: left;\">The first tourist cave in Europe is only 5 km away from the Krasna House, so visiting it is almost mandatory. In 1633, tourists came to visit from Trieste because of the mysterious energy in the cave, as the locals believed that the cave was inhabited by fairies, hence its name. Later, the interest in the cave waned, so it managed to maintain its authenticity.<\/p>\n<p style=\"text-align: left;\"><strong>POSTOJNA CAVE<\/strong><\/p>\n<p style=\"text-align: left;\">Less than 30 minutes by car can take you to the most magnificent cave in Europe. You can see the Postojna Cave by train, which will take you through the first part of the cave, where the first subway in Europe is located, and discover the second part on foot, among stalagmites and stalactites, past spectacular tunnels, passages, and real underground concert halls. Postojna Cave is also home to the proteus, the most unique and interesting animal in the world.<\/p>\n<p style=\"text-align: left;\">\n<p>[\/et_pb_text][\/et_pb_column][et_pb_column type=&#8221;1_3&#8243; _builder_version=&#8221;4.10.7&#8243; _module_preset=&#8221;default&#8221; global_colors_info=&#8221;{}&#8221;][et_pb_text _builder_version=&#8221;4.10.7&#8243; _module_preset=&#8221;default&#8221; text_font_size=&#8221;14px&#8221; text_line_height=&#8221;1.9em&#8221; text_orientation=&#8221;center&#8221; custom_margin=&#8221;||30px|||&#8221; scroll_vertical_motion=&#8221;0|50|50|100|0.5|0|-0.5&#8243; global_colors_info=&#8221;{}&#8221;]<\/p>\n<p style=\"text-align: left;\"><strong>ADRIATIC SEA<\/strong><\/p>\n<p style=\"text-align: left;\">The Karst and Istria have always been closely connected and only 30 km away from each other. So don&#8217;t forget to bring a swimsuit on your holiday.<\/p>\n<p style=\"text-align: left;\"><strong> TRIESTE<\/strong><\/p>\n<p style=\"text-align: left;\">Nearby is also neighbouring Italy with the nearest city of Trieste. Stroll through the beautiful old town, indulge in a shopping day, and sit in one of the many bars. Make sure to try the Aperol Spritz with afternoon snacks or a Trieste Illy coffee with the best croissants.<\/p>\n<p>[\/et_pb_text][\/et_pb_column][\/et_pb_row][et_pb_row column_structure=&#8221;3_5,2_5&#8243; _builder_version=&#8221;4.14.0&#8243; _module_preset=&#8221;default&#8221; width=&#8221;90%&#8221; max_width=&#8221;2560px&#8221; module_alignment=&#8221;left&#8221; custom_padding=&#8221;2px|||||&#8221; global_colors_info=&#8221;{}&#8221;][et_pb_column type=&#8221;3_5&#8243; _builder_version=&#8221;4.9.10&#8243; _module_preset=&#8221;default&#8221; global_colors_info=&#8221;{}&#8221;][dsm_image_hotspots src=&#8221;https:\/\/krasna-hisa.si\/en\/wp-content\/uploads\/2021\/12\/SKOCJANSKE-JAME.jpeg&#8221; title_text=&#8221;SKOCJANSKE JAME&#8221; icon_color=&#8221;#FFFFFF&#8221; _builder_version=&#8221;4.14.0&#8243; _module_preset=&#8221;default&#8221; global_colors_info=&#8221;{}&#8221;][dsm_image_hotspots_child left_position=&#8221;41%&#8221; top_position=&#8221;70%&#8221; hotspot_padding=&#8221;10px|10px|10px|10px|true|true&#8221; tooltip_background_color=&#8221;#000000&#8243; tooltip_placement=&#8221;right&#8221; _builder_version=&#8221;4.14.0&#8243; _module_preset=&#8221;default&#8221; text_font_size=&#8221;20px&#8221; border_radii_hotspot=&#8221;on|0px|0px|0px|0px&#8221; global_colors_info=&#8221;{}&#8221;]<\/p>\n<p>World Heritage Site since 1986.<\/p>\n<p>[\/dsm_image_hotspots_child][dsm_image_hotspots_child left_position=&#8221;22%&#8221; top_position=&#8221;45%&#8221; hotspot_padding=&#8221;10px|10px|10px|10px|true|true&#8221; tooltip_background_color=&#8221;#000000&#8243; tooltip_placement=&#8221;right&#8221; _builder_version=&#8221;4.14.0&#8243; _module_preset=&#8221;default&#8221; text_font_size=&#8221;20px&#8221; border_radii_hotspot=&#8221;on|0px|0px|0px|0px&#8221; global_colors_info=&#8221;{}&#8221;]<\/p>\n<p>Regional park since 1996.<\/p>\n<p>[\/dsm_image_hotspots_child][dsm_image_hotspots_child left_position=&#8221;81%&#8221; top_position=&#8221;54%&#8221; hotspot_padding=&#8221;10px|10px|10px|10px|true|true&#8221; tooltip_background_color=&#8221;#000000&#8243; tooltip_placement=&#8221;right&#8221; _builder_version=&#8221;4.14.0&#8243; _module_preset=&#8221;default&#8221; text_font_size=&#8221;20px&#8221; border_radii_hotspot=&#8221;on|0px|0px|0px|0px&#8221; global_colors_info=&#8221;{}&#8221;]<\/p>\n<p>6,200 meters (all cave tunnels)<\/p>\n<p>[\/dsm_image_hotspots_child][dsm_image_hotspots_child left_position=&#8221;48%&#8221; top_position=&#8221;61%&#8221; hotspot_padding=&#8221;10px|10px|10px|10px|true|true&#8221; tooltip_background_color=&#8221;#000000&#8243; tooltip_placement=&#8221;right&#8221; _builder_version=&#8221;4.14.0&#8243; _module_preset=&#8221;default&#8221; text_font_size=&#8221;20px&#8221; border_radii_hotspot=&#8221;on|0px|0px|0px|0px&#8221; global_colors_info=&#8221;{}&#8221;]<\/p>\n<p>Large colonies of several species of bats, the world-famous wetland (Proteus anguinus), endemic species of underground crabs and beetles<\/p>\n<p>[\/dsm_image_hotspots_child][\/dsm_image_hotspots][\/et_pb_column][et_pb_column type=&#8221;2_5&#8243; _builder_version=&#8221;4.9.10&#8243; _module_preset=&#8221;default&#8221; custom_padding=&#8221;10%||||false|false&#8221; custom_padding_tablet=&#8221;10%||||false|false&#8221; custom_padding_phone=&#8221;10%|||30px|false|false&#8221; custom_padding_last_edited=&#8221;on|phone&#8221; global_colors_info=&#8221;{}&#8221;][et_pb_text _builder_version=&#8221;4.9.10&#8243; _module_preset=&#8221;default&#8221; header_font=&#8221;DM Serif Display||||||||&#8221; header_text_color=&#8221;#000000&#8243; header_font_size=&#8221;46px&#8221; custom_margin=&#8221;5%||||false|false&#8221; custom_padding=&#8221;|10%|||false|false&#8221; global_colors_info=&#8221;{}&#8221;]<\/p>\n<h1>\u0160kocjan Caves<\/h1>\n<p>[\/et_pb_text][et_pb_text _builder_version=&#8221;4.9.10&#8243; _module_preset=&#8221;default&#8221; text_font_size=&#8221;14px&#8221; text_line_height=&#8221;1.9em&#8221; custom_margin=&#8221;||-1px|||&#8221; custom_padding=&#8221;|20%|||false|false&#8221; scroll_vertical_motion_enable=&#8221;on&#8221; scroll_vertical_motion=&#8221;0|50|50|100|0.5|0|-0.5&#8243; global_colors_info=&#8221;{}&#8221;]<\/p>\n<p>A unique experience is a visit to the magnificent \u0160kocjan Caves, which are only 8 kilometres away from the Krasna House. This is the only natural site in Slovenia that is part of the UNESCO World Heritage List and therefore worth a visit.<\/p>\n<p>[\/et_pb_text][\/et_pb_column][\/et_pb_row][et_pb_row column_structure=&#8221;2_5,3_5&#8243; _builder_version=&#8221;4.10.7&#8243; _module_preset=&#8221;default&#8221; width=&#8221;90%&#8221; max_width=&#8221;2560px&#8221; module_alignment=&#8221;right&#8221; custom_padding=&#8221;2px|||||&#8221; global_colors_info=&#8221;{}&#8221;][et_pb_column type=&#8221;2_5&#8243; _builder_version=&#8221;4.9.10&#8243; _module_preset=&#8221;default&#8221; global_colors_info=&#8221;{}&#8221;][et_pb_text _builder_version=&#8221;4.9.10&#8243; _module_preset=&#8221;default&#8221; header_font=&#8221;DM Serif Display||||||||&#8221; header_text_color=&#8221;#000000&#8243; header_font_size=&#8221;46px&#8221; custom_margin=&#8221;5%||||false|false&#8221; custom_padding=&#8221;|10%|||false|false&#8221; global_colors_info=&#8221;{}&#8221;]<\/p>\n<h1>Karst is made for a beautiful bike ride<\/h1>\n<p>[\/et_pb_text][et_pb_text _builder_version=&#8221;4.9.10&#8243; _module_preset=&#8221;default&#8221; text_font_size=&#8221;14px&#8221; text_line_height=&#8221;1.9em&#8221; custom_margin=&#8221;||-1px|||&#8221; custom_padding=&#8221;|20%|||false|false&#8221; scroll_vertical_motion_enable=&#8221;on&#8221; scroll_vertical_motion=&#8221;0|50|50|100|0.5|0|-0.5&#8243; global_colors_info=&#8221;{}&#8221;]<\/p>\n<p><span>Rent an e-bike &amp; helmet. Advance reservations are required. Due to COVID-19, the activity will be carried out in accordance with professional recommendations.<\/span><\/p>\n<p><strong>Electric bike rental price:<\/strong><\/p>\n<div><\/div>\n<ul>\n<li>for 4 hours: 28,00 \u20ac \/ bike<\/li>\n<li><span>for the whole day: 45,00 \u20ac \/ bike<\/span><\/li>\n<\/ul>\n<p>[\/et_pb_text][\/et_pb_column][et_pb_column type=&#8221;3_5&#8243; _builder_version=&#8221;4.9.10&#8243; _module_preset=&#8221;default&#8221; global_colors_info=&#8221;{}&#8221;][et_pb_image src=&#8221;https:\/\/krasna-hisa.si\/en\/wp-content\/uploads\/2022\/02\/HIS\u030cAKRASNA220-ebike-scaled.jpg&#8221; _builder_version=&#8221;4.14.6&#8243; _module_preset=&#8221;default&#8221; title_text=&#8221;HIS\u030cAKRASNA220-ebike&#8221; hover_enabled=&#8221;0&#8243; sticky_enabled=&#8221;0&#8243;][\/et_pb_image][\/et_pb_column][\/et_pb_row][\/et_pb_section][et_pb_section fb_built=&#8221;1&#8243; _builder_version=&#8221;4.9.10&#8243; _module_preset=&#8221;default&#8221; custom_padding=&#8221;0px|||||&#8221; saved_tabs=&#8221;all&#8221; global_colors_info=&#8221;{}&#8221;][et_pb_row _builder_version=&#8221;4.9.10&#8243; _module_preset=&#8221;default&#8221; background_enable_color=&#8221;off&#8221; width=&#8221;100%&#8221; max_width=&#8221;2560px&#8221; module_alignment=&#8221;center&#8221; custom_margin=&#8221;34px|auto|3px|auto||&#8221; custom_padding=&#8221;3px|||||&#8221; scroll_vertical_motion=&#8221;0|50|50|100|0.5|0|-0.5&#8243; global_colors_info=&#8221;{}&#8221;][et_pb_column type=&#8221;4_4&#8243; _builder_version=&#8221;4.9.10&#8243; _module_preset=&#8221;default&#8221; global_colors_info=&#8221;{}&#8221;][dsm_image_accordion ia_height=&#8221;681px&#8221; _builder_version=&#8221;4.14.0&#8243; _module_preset=&#8221;default&#8221; global_colors_info=&#8221;{}&#8221;][dsm_image_accordion_child image_accordion_src=&#8221;https:\/\/krasna-hisa.si\/en\/wp-content\/uploads\/2021\/10\/Screenshot-2021-10-27-at-23.39.06.png&#8221; use_accordion_icon=&#8221;off&#8221; image_accordion_title=&#8221;Relaxed and serene.&#8221; image_accordion_desc=&#8221;Breathe in the fresh Karst air. Fill yourself with Karst energy.&#8221; ia_align_horizontal=&#8221;left&#8221; _builder_version=&#8221;4.14.0&#8243; _module_preset=&#8221;default&#8221; title_text_color=&#8221;#FFFFFF&#8221; title_font_size=&#8221;54px&#8221; desc_font_size=&#8221;15px&#8221; background_color=&#8221;RGBA(0,0,0,0)&#8221; background_enable_color=&#8221;on&#8221; custom_button=&#8221;on&#8221; button_text_color=&#8221;#FFFFFF&#8221; button_alignment=&#8221;left&#8221; custom_padding=&#8221;|||10%|false|false&#8221; link_option_url=&#8221;https:\/\/krasna-hisa.si\/en\/namestitev\/&#8221; global_colors_info=&#8221;{}&#8221;][\/dsm_image_accordion_child][dsm_image_accordion_child expanded_item=&#8221;on&#8221; image_accordion_src=&#8221;https:\/\/krasna-hisa.si\/en\/wp-content\/uploads\/2021\/09\/HIS\u030cAKRASNA227-scaled.jpg&#8221; use_accordion_icon=&#8221;off&#8221; image_accordion_title=&#8221;We love the Karst.&#8221; image_accordion_desc=&#8221;Every day in nature. By bike, on a picnic with our basket of goodies, on a Lipizzaner or a nearby hill.&#8221; ia_align_horizontal=&#8221;left&#8221; _builder_version=&#8221;4.14.0&#8243; _module_preset=&#8221;default&#8221; title_text_color=&#8221;#FFFFFF&#8221; title_font_size=&#8221;54px&#8221; desc_font_size=&#8221;15px&#8221; background_color=&#8221;RGBA(0,0,0,0)&#8221; background_enable_color=&#8221;on&#8221; custom_button=&#8221;on&#8221; button_text_color=&#8221;#FFFFFF&#8221; button_alignment=&#8221;left&#8221; custom_padding=&#8221;|||10%|false|false&#8221; link_option_url=&#8221;https:\/\/krasna-hisa.si\/en\/kulinarika-2\/&#8221; global_colors_info=&#8221;{}&#8221;][\/dsm_image_accordion_child][dsm_image_accordion_child image_accordion_src=&#8221;https:\/\/krasna-hisa.si\/en\/wp-content\/uploads\/2021\/10\/Screenshot-2021-10-27-at-23.41.32.png&#8221; use_accordion_icon=&#8221;off&#8221; image_accordion_title=&#8221;We live magnificently.&#8221; image_accordion_desc=&#8221;Living in the Karst means living with magnificent horses, unique in the world &#8211; Lipizzaners.&#8221; ia_align_horizontal=&#8221;left&#8221; _builder_version=&#8221;4.14.0&#8243; _module_preset=&#8221;default&#8221; title_text_color=&#8221;#FFFFFF&#8221; title_font_size=&#8221;54px&#8221; desc_font_size=&#8221;15px&#8221; background_color=&#8221;RGBA(0,0,0,0)&#8221; background_enable_color=&#8221;on&#8221; custom_button=&#8221;on&#8221; button_text_color=&#8221;#FFFFFF&#8221; button_alignment=&#8221;left&#8221; custom_padding=&#8221;|||10%|false|false&#8221; link_option_url=&#8221;https:\/\/krasna-hisa.si\/en\/dozivite-kras\/&#8221; global_colors_info=&#8221;{}&#8221;][\/dsm_image_accordion_child][\/dsm_image_accordion][\/et_pb_column][\/et_pb_row][\/et_pb_section]<\/p>\n","protected":false},"excerpt":{"rendered":"<p>Na Krasu je prisotna posebna energija in vas Lokev je \u017ee iz starih \u010dasov znana kot pozitivna energetska to\u010dka, popolna postojanka za sprostitev.<\/p>\n","protected":false},"author":2,"featured_media":225,"parent":0,"menu_order":0,"comment_status":"closed","ping_status":"closed","template":"","meta":{"_et_pb_use_builder":"on","_et_pb_old_content":"","_et_gb_content_width":"","footnotes":""},"class_list":["post-474","page","type-page","status-publish","has-post-thumbnail","hentry"],"_links":{"self":[{"href":"https:\/\/krasna-hisa.si\/en\/wp-json\/wp\/v2\/pages\/474","targetHints":{"allow":["GET"]}}],"collection":[{"href":"https:\/\/krasna-hisa.si\/en\/wp-json\/wp\/v2\/pages"}],"about":[{"href":"https:\/\/krasna-hisa.si\/en\/wp-json\/wp\/v2\/types\/page"}],"author":[{"embeddable":true,"href":"https:\/\/krasna-hisa.si\/en\/wp-json\/wp\/v2\/users\/2"}],"replies":[{"embeddable":true,"href":"https:\/\/krasna-hisa.si\/en\/wp-json\/wp\/v2\/comments?post=474"}],"version-history":[{"count":0,"href":"https:\/\/krasna-hisa.si\/en\/wp-json\/wp\/v2\/pages\/474\/revisions"}],"wp:featuredmedia":[{"embeddable":true,"href":"https:\/\/krasna-hisa.si\/en\/wp-json\/wp\/v2\/media\/225"}],"wp:attachment":[{"href":"https:\/\/krasna-hisa.si\/en\/wp-json\/wp\/v2\/media?parent=474"}],"curies":[{"name":"wp","href":"https:\/\/api.w.org\/{rel}","templated":true}]}}