{"id":445,"date":"2021-09-13T11:51:27","date_gmt":"2021-09-13T11:51:27","guid":{"rendered":"https:\/\/krasna-hisa.si\/en\/?page_id=445"},"modified":"2023-05-12T08:36:32","modified_gmt":"2023-05-12T08:36:32","slug":"namestitev","status":"publish","type":"page","link":"https:\/\/krasna-hisa.si\/en\/namestitev\/","title":{"rendered":"Rooms"},"content":{"rendered":"<p>[et_pb_section fb_built=&#8221;1&#8243; _builder_version=&#8221;4.16&#8243; _module_preset=&#8221;default&#8221; background_image=&#8221;https:\/\/krasna-hisa.si\/en\/wp-content\/uploads\/2021\/09\/fotor3.jpg&#8221; custom_padding=&#8221;11px||40px|||&#8221; global_colors_info=&#8221;{}&#8221;][et_pb_row column_structure=&#8221;1_4,1_4,1_4,1_4&#8243; _builder_version=&#8221;4.10.7&#8243; _module_preset=&#8221;default&#8221; background_enable_color=&#8221;off&#8221; width=&#8221;90%&#8221; max_width=&#8221;1350px&#8221; global_module=&#8221;414&#8243; saved_tabs=&#8221;all&#8221; global_colors_info=&#8221;{}&#8221;][et_pb_column type=&#8221;1_4&#8243; _builder_version=&#8221;4.16&#8243; _module_preset=&#8221;default&#8221; global_colors_info=&#8221;{}&#8221;][et_pb_button button_url=&#8221;https:\/\/krasna-hisa.si\/en\/rezervirajte-sobo\/&#8221; button_text=&#8221;BOOK A ROOM&#8221; _builder_version=&#8221;4.16&#8243; _module_preset=&#8221;default&#8221; custom_button=&#8221;on&#8221; button_text_size=&#8221;15px&#8221; button_text_color=&#8221;#FFFFFF&#8221; button_bg_color=&#8221;rgba(0,0,0,0.41)&#8221; button_border_color=&#8221;#FFFFFF&#8221; button_letter_spacing=&#8221;5px&#8221; button_use_icon=&#8221;off&#8221; custom_margin=&#8221;||9px|||&#8221; custom_padding=&#8221;10px||5px||false|false&#8221; global_colors_info=&#8221;{}&#8221;][\/et_pb_button][et_pb_button button_url=&#8221;https:\/\/krasna-hisa.si\/en\/rezervirajte-mizo\/&#8221; button_text=&#8221;BOOK A TABLE&#8221; _builder_version=&#8221;4.16&#8243; _module_preset=&#8221;default&#8221; custom_button=&#8221;on&#8221; button_text_size=&#8221;15px&#8221; button_text_color=&#8221;#FFFFFF&#8221; button_bg_color=&#8221;rgba(0,0,0,0.41)&#8221; button_border_color=&#8221;#FFFFFF&#8221; button_letter_spacing=&#8221;5px&#8221; button_use_icon=&#8221;off&#8221; custom_margin=&#8221;||9px|||&#8221; custom_padding=&#8221;10px||5px||false|false&#8221; global_colors_info=&#8221;{}&#8221;][\/et_pb_button][\/et_pb_column][et_pb_column type=&#8221;1_4&#8243; _builder_version=&#8221;4.16&#8243; _module_preset=&#8221;default&#8221; global_colors_info=&#8221;{}&#8221;][\/et_pb_column][et_pb_column type=&#8221;1_4&#8243; _builder_version=&#8221;4.16&#8243; _module_preset=&#8221;default&#8221; global_colors_info=&#8221;{}&#8221;][\/et_pb_column][et_pb_column type=&#8221;1_4&#8243; _builder_version=&#8221;4.16&#8243; _module_preset=&#8221;default&#8221; global_colors_info=&#8221;{}&#8221;][\/et_pb_column][\/et_pb_row][et_pb_row _builder_version=&#8221;4.16&#8243; _module_preset=&#8221;default&#8221; background_enable_color=&#8221;off&#8221; width=&#8221;85%&#8221; max_width=&#8221;2560px&#8221; custom_margin=&#8221;140px|auto||auto||&#8221; global_colors_info=&#8221;{}&#8221;][et_pb_column type=&#8221;4_4&#8243; _builder_version=&#8221;4.16&#8243; _module_preset=&#8221;default&#8221; global_colors_info=&#8221;{}&#8221;][dsm_typing_effect typing_effect=&#8221;Stay&#8221; before_new_line=&#8221;on&#8221; typing_loop=&#8221;off&#8221; typing_speed=&#8221;285ms&#8221; _builder_version=&#8221;4.16&#8243; _module_preset=&#8221;default&#8221; header_text_color=&#8221;#FFFFFF&#8221; header_font_size=&#8221;57px&#8221; global_colors_info=&#8221;{}&#8221;][\/dsm_typing_effect][\/et_pb_column][\/et_pb_row][\/et_pb_section][et_pb_section fb_built=&#8221;1&#8243; _builder_version=&#8221;4.16&#8243; _module_preset=&#8221;default&#8221; custom_padding=&#8221;||10px|||&#8221; global_colors_info=&#8221;{}&#8221;][et_pb_row column_structure=&#8221;1_4,1_2,1_4&#8243; _builder_version=&#8221;4.16&#8243; _module_preset=&#8221;default&#8221; background_enable_color=&#8221;off&#8221; width=&#8221;90%&#8221; max_width=&#8221;1350px&#8221; custom_margin=&#8221;34px|auto|3px|auto||&#8221; scroll_vertical_motion_enable=&#8221;on&#8221; scroll_vertical_motion=&#8221;0|50|50|100|0.5|0|-0.5&#8243; global_colors_info=&#8221;{}&#8221;][et_pb_column type=&#8221;1_4&#8243; _builder_version=&#8221;4.16&#8243; _module_preset=&#8221;default&#8221; global_colors_info=&#8221;{}&#8221;][\/et_pb_column][et_pb_column type=&#8221;1_2&#8243; _builder_version=&#8221;4.16&#8243; _module_preset=&#8221;default&#8221; global_colors_info=&#8221;{}&#8221;][et_pb_text _builder_version=&#8221;4.16&#8243; _module_preset=&#8221;default&#8221; header_font=&#8221;DM Serif Display||||||||&#8221; header_text_align=&#8221;center&#8221; header_text_color=&#8221;#000000&#8243; header_font_size=&#8221;46px&#8221; global_colors_info=&#8221;{}&#8221;]<\/p>\n<h1>&#8230;<\/h1>\n<p>[\/et_pb_text][et_pb_text _builder_version=&#8221;4.16&#8243; _module_preset=&#8221;default&#8221; text_font_size=&#8221;14px&#8221; text_line_height=&#8221;1.9em&#8221; text_orientation=&#8221;center&#8221; custom_margin=&#8221;||30px|||&#8221; scroll_vertical_motion_enable=&#8221;on&#8221; scroll_vertical_motion=&#8221;0|50|50|100|0.5|0|-0.5&#8243; global_colors_info=&#8221;{}&#8221;]<\/p>\n<p>We offer relaxed accommodation in six larger-than-average rooms with a view of the green Koko\u0161ka and the Karst plateaus. No television or other electronic devices. Accommodation in the Krasna House is designed to offer you a complete break from the daily hustle and bustle and fill your life with unforgettable experiences, the beauty of the surroundings, and gratitude. Life is never in a hurry. Let your vacation be like that.<\/p>\n<p>[\/et_pb_text][\/et_pb_column][et_pb_column type=&#8221;1_4&#8243; _builder_version=&#8221;4.16&#8243; _module_preset=&#8221;default&#8221; global_colors_info=&#8221;{}&#8221;][\/et_pb_column][\/et_pb_row][et_pb_row column_structure=&#8221;1_4,1_4,1_2&#8243; _builder_version=&#8221;4.16&#8243; _module_preset=&#8221;default&#8221; width=&#8221;85%&#8221; max_width=&#8221;2560px&#8221; global_colors_info=&#8221;{}&#8221;][et_pb_column type=&#8221;1_4&#8243; _builder_version=&#8221;4.16&#8243; _module_preset=&#8221;default&#8221; global_colors_info=&#8221;{}&#8221;][et_pb_cta title=&#8221;Check-in \/ out&#8221; _builder_version=&#8221;4.16&#8243; _module_preset=&#8221;default&#8221; body_line_height=&#8221;1.4em&#8221; background_enable_color=&#8221;off&#8221; background_layout=&#8221;light&#8221; min_height=&#8221;220px&#8221; border_width_all=&#8221;2px&#8221; border_style_all=&#8221;dashed&#8221; global_colors_info=&#8221;{}&#8221;]<\/p>\n<p style=\"text-align: center;\"><strong>Check-in:<\/strong> <br \/>after 15 h<\/p>\n<p style=\"text-align: center;\"><strong>Check-out:<\/strong> <br \/>until 10.30 h<\/p>\n<p>[\/et_pb_cta][\/et_pb_column][et_pb_column type=&#8221;1_4&#8243; _builder_version=&#8221;4.16&#8243; _module_preset=&#8221;default&#8221; global_colors_info=&#8221;{}&#8221;][et_pb_cta title=&#8221;Number of rooms&#8221; _builder_version=&#8221;4.16&#8243; _module_preset=&#8221;default&#8221; body_line_height=&#8221;1.4em&#8221; background_enable_color=&#8221;off&#8221; background_layout=&#8221;light&#8221; min_height=&#8221;220px&#8221; border_width_all=&#8221;2px&#8221; border_style_all=&#8221;dashed&#8221; global_colors_info=&#8221;{}&#8221;]<\/p>\n<p>6 superior rooms with private bathroom<\/p>\n<p>A total of 13 beds + 5 extra beds<\/p>\n<p>[\/et_pb_cta][\/et_pb_column][et_pb_column type=&#8221;1_2&#8243; _builder_version=&#8221;4.16&#8243; _module_preset=&#8221;default&#8221; global_colors_info=&#8221;{}&#8221;][et_pb_cta title=&#8221;Breakfast&#8221; _builder_version=&#8221;4.16&#8243; _module_preset=&#8221;default&#8221; body_font_size=&#8221;14px&#8221; text_orientation=&#8221;left&#8221; min_height=&#8221;220px&#8221; global_colors_info=&#8221;{}&#8221;]<\/p>\n<p>A buffet breakfast is included in the room rate and awaits you at the Hi\u0161a Krasna restaurant between 08:30 and 10:00.<\/p>\n<p>[\/et_pb_cta][\/et_pb_column][\/et_pb_row][et_pb_row column_structure=&#8221;1_2,1_2&#8243; _builder_version=&#8221;4.16&#8243; _module_preset=&#8221;default&#8221; width=&#8221;85%&#8221; max_width=&#8221;2560px&#8221; global_colors_info=&#8221;{}&#8221;][et_pb_column type=&#8221;1_2&#8243; _builder_version=&#8221;4.16&#8243; _module_preset=&#8221;default&#8221; global_colors_info=&#8221;{}&#8221;][dsm_masonry_gallery gallery_ids=&#8221;302,206,264,422,301,555,557,556,720,721,729&#8243; gutter=&#8221;15&#8243; use_zoom_on_hover=&#8221;on&#8221; _builder_version=&#8221;4.16&#8243; _module_preset=&#8221;default&#8221; global_colors_info=&#8221;{}&#8221;][\/dsm_masonry_gallery][\/et_pb_column][et_pb_column type=&#8221;1_2&#8243; _builder_version=&#8221;4.16&#8243; _module_preset=&#8221;default&#8221; global_colors_info=&#8221;{}&#8221;][et_pb_cta title=&#8221;Free parking space in front of the hotel&#8221; _builder_version=&#8221;4.16&#8243; _module_preset=&#8221;default&#8221; header_text_align=&#8221;left&#8221; header_font_size=&#8221;22px&#8221; body_line_height=&#8221;1.4em&#8221; background_enable_color=&#8221;off&#8221; background_layout=&#8221;light&#8221; min_height=&#8221;100px&#8221; custom_margin=&#8221;||||false|false&#8221; custom_padding=&#8221;35px||0px||false|false&#8221; border_width_all=&#8221;2px&#8221; border_style_all=&#8221;dashed&#8221; global_colors_info=&#8221;{}&#8221;][\/et_pb_cta][et_pb_text _builder_version=&#8221;4.16&#8243; _module_preset=&#8221;default&#8221; text_font_size=&#8221;14px&#8221; text_line_height=&#8221;1.9em&#8221; text_orientation=&#8221;center&#8221; custom_margin=&#8221;||30px|||&#8221; custom_padding=&#8221;|||28px||&#8221; scroll_vertical_motion_enable=&#8221;on&#8221; scroll_vertical_motion=&#8221;0|50|50|100|0.5|0|-0.5&#8243; global_colors_info=&#8221;{}&#8221;]<\/p>\n<h3 style=\"text-align: left;\">Common areas on the first floor:<\/h3>\n<ul style=\"text-align: left;\">\n<li>Outdoor terrace for socializing.<\/li>\n<li>The inner corner with a beautiful view of the Karst landscape is perfect for meditative sitting or reading a favourite book.<\/li>\n<li>For all those who need a short connection to the virtual world, there is also a Wi-Fi internet connection.<\/li>\n<\/ul>\n<h3 style=\"text-align: left;\">By agreement and surcharge:<\/h3>\n<ul>\n<li style=\"text-align: left;\">Possibility to organize transport to the airport.<\/li>\n<li style=\"text-align: left;\">Ironing and washing.<\/li>\n<li style=\"text-align: left;\">A carriage ride through the beautiful Karst landscape.<\/li>\n<\/ul>\n<p>[\/et_pb_text][\/et_pb_column][\/et_pb_row][et_pb_row column_structure=&#8221;1_3,1_3,1_3&#8243; _builder_version=&#8221;4.16&#8243; _module_preset=&#8221;default&#8221; width=&#8221;85%&#8221; max_width=&#8221;2560px&#8221; global_colors_info=&#8221;{}&#8221;][et_pb_column type=&#8221;1_3&#8243; _builder_version=&#8221;4.16&#8243; _module_preset=&#8221;default&#8221; global_colors_info=&#8221;{}&#8221;][et_pb_text _builder_version=&#8221;4.16&#8243; _module_preset=&#8221;default&#8221; text_font_size=&#8221;14px&#8221; text_line_height=&#8221;1.9em&#8221; text_orientation=&#8221;center&#8221; custom_margin=&#8221;||30px|||&#8221; scroll_vertical_motion=&#8221;0|50|50|100|0.5|0|-0.5&#8243; global_colors_info=&#8221;{}&#8221;]<\/p>\n<h2 style=\"text-align: left;\">Rooms and bathrooms<\/h2>\n<h2 style=\"text-align: left;\">Equipment<\/h2>\n<p>[\/et_pb_text][\/et_pb_column][et_pb_column type=&#8221;1_3&#8243; _builder_version=&#8221;4.16&#8243; _module_preset=&#8221;default&#8221; global_colors_info=&#8221;{}&#8221;][et_pb_blurb title=&#8221;Air conditioning&#8221; image=&#8221;https:\/\/krasna-hisa.si\/en\/wp-content\/uploads\/2021\/12\/AC-ICON.png&#8221; icon_placement=&#8221;left&#8221; _builder_version=&#8221;4.16&#8243; _module_preset=&#8221;default&#8221; header_font=&#8221;Cormorant|300|||||||&#8221; header_font_size=&#8221;26px&#8221; custom_margin=&#8221;||11px|||&#8221; global_colors_info=&#8221;{}&#8221;][\/et_pb_blurb][et_pb_blurb title=&#8221;Room heating with regulation&#8221; image=&#8221;https:\/\/krasna-hisa.si\/en\/wp-content\/uploads\/2021\/09\/temperature.png&#8221; icon_placement=&#8221;left&#8221; _builder_version=&#8221;4.16&#8243; _module_preset=&#8221;default&#8221; header_font=&#8221;Cormorant|300|||||||&#8221; header_font_size=&#8221;26px&#8221; custom_margin=&#8221;||11px|||&#8221; global_colors_info=&#8221;{}&#8221;][\/et_pb_blurb][et_pb_blurb title=&#8221;Recuperative ventilation&#8221; image=&#8221;https:\/\/krasna-hisa.si\/en\/wp-content\/uploads\/2021\/12\/RECUPERATOR-ICON.png&#8221; icon_placement=&#8221;left&#8221; _builder_version=&#8221;4.16&#8243; _module_preset=&#8221;default&#8221; header_font=&#8221;Cormorant|300|||||||&#8221; header_font_size=&#8221;26px&#8221; custom_margin=&#8221;||11px|||&#8221; global_colors_info=&#8221;{}&#8221;][\/et_pb_blurb][et_pb_blurb title=&#8221;Sofa that turns into an extra bed&#8221; image=&#8221;https:\/\/krasna-hisa.si\/en\/wp-content\/uploads\/2021\/09\/sofa.png&#8221; icon_placement=&#8221;left&#8221; _builder_version=&#8221;4.16&#8243; _module_preset=&#8221;default&#8221; header_font=&#8221;Cormorant|300|||||||&#8221; header_font_size=&#8221;26px&#8221; custom_margin=&#8221;||11px|||&#8221; global_colors_info=&#8221;{}&#8221;][\/et_pb_blurb][et_pb_blurb title=&#8221;Free internet access&#8221; image=&#8221;https:\/\/krasna-hisa.si\/en\/wp-content\/uploads\/2021\/09\/wifi-signal.png&#8221; icon_placement=&#8221;left&#8221; _builder_version=&#8221;4.16&#8243; _module_preset=&#8221;default&#8221; header_font=&#8221;Cormorant|300|||||||&#8221; header_font_size=&#8221;26px&#8221; custom_margin=&#8221;||11px|||&#8221; global_colors_info=&#8221;{}&#8221;][\/et_pb_blurb][\/et_pb_column][et_pb_column type=&#8221;1_3&#8243; _builder_version=&#8221;4.16&#8243; _module_preset=&#8221;default&#8221; global_colors_info=&#8221;{}&#8221;][et_pb_blurb title=&#8221;Shower&#8221; image=&#8221;https:\/\/krasna-hisa.si\/en\/wp-content\/uploads\/2021\/09\/shower.png&#8221; icon_placement=&#8221;left&#8221; _builder_version=&#8221;4.16&#8243; _module_preset=&#8221;default&#8221; header_font=&#8221;Cormorant|300|||||||&#8221; header_font_size=&#8221;26px&#8221; custom_margin=&#8221;||11px|||&#8221; global_colors_info=&#8221;{}&#8221;][\/et_pb_blurb][et_pb_blurb title=&#8221;Hairdryer&#8221; image=&#8221;https:\/\/krasna-hisa.si\/en\/wp-content\/uploads\/2021\/09\/hair-dryer.png&#8221; icon_placement=&#8221;left&#8221; _builder_version=&#8221;4.16&#8243; _module_preset=&#8221;default&#8221; header_font=&#8221;Cormorant|300|||||||&#8221; header_font_size=&#8221;26px&#8221; custom_margin=&#8221;||11px|||&#8221; global_colors_info=&#8221;{}&#8221;][\/et_pb_blurb][et_pb_blurb title=&#8221;Fresh towels&#8221; image=&#8221;https:\/\/krasna-hisa.si\/en\/wp-content\/uploads\/2021\/09\/towel.png&#8221; icon_placement=&#8221;left&#8221; _builder_version=&#8221;4.16&#8243; _module_preset=&#8221;default&#8221; header_font=&#8221;Cormorant|300|||||||&#8221; header_font_size=&#8221;26px&#8221; custom_margin=&#8221;||11px|||&#8221; global_colors_info=&#8221;{}&#8221;][\/et_pb_blurb][et_pb_blurb title=&#8221;Toiletries&#8221; image=&#8221;https:\/\/krasna-hisa.si\/en\/wp-content\/uploads\/2021\/09\/shampoo.png&#8221; icon_placement=&#8221;left&#8221; _builder_version=&#8221;4.16&#8243; _module_preset=&#8221;default&#8221; header_font=&#8221;Cormorant|300|||||||&#8221; header_font_size=&#8221;26px&#8221; custom_margin=&#8221;||11px|||&#8221; global_colors_info=&#8221;{}&#8221;][\/et_pb_blurb][\/et_pb_column][\/et_pb_row][\/et_pb_section][et_pb_section fb_built=&#8221;1&#8243; _builder_version=&#8221;4.16&#8243; _module_preset=&#8221;default&#8221; global_colors_info=&#8221;{}&#8221;][et_pb_row _builder_version=&#8221;4.16&#8243; _module_preset=&#8221;default&#8221; width=&#8221;85%&#8221; max_width=&#8221;2560px&#8221; global_colors_info=&#8221;{}&#8221;][et_pb_column type=&#8221;4_4&#8243; _builder_version=&#8221;4.16&#8243; _module_preset=&#8221;default&#8221; global_colors_info=&#8221;{}&#8221;][dsm_card_carousel _builder_version=&#8221;4.21.0&#8243; _module_preset=&#8221;default&#8221; hover_enabled=&#8221;0&#8243; border_radii_badge=&#8221;on|0px|0px|0px|0px&#8221; global_colors_info=&#8221;{}&#8221; sticky_enabled=&#8221;0&#8243;][dsm_card_carousel_child title=&#8221;RO\u017dA  2+1&#8243; subtitle=&#8221;Carefree dreams smell like a rose garden.&#8221; image=&#8221;https:\/\/krasna-hisa.si\/en\/wp-content\/uploads\/2021\/10\/ROZA.jpeg&#8221; badge_text=&#8221;25 sq meters&#8221; button_text=&#8221;BOOK NOW&#8221; button_url=&#8221;https:\/\/krasna-hisa.si\/en\/rezervirajte-sobo\/&#8221; button_url_new_window=&#8221;1&#8243; _builder_version=&#8221;4.16&#8243; _module_preset=&#8221;default&#8221; header_font_size=&#8221;25px&#8221; subhead_font=&#8221;Cormorant Garamond|800|||||||&#8221; subhead_text_color=&#8221;#000000&#8243; subhead_font_size=&#8221;23px&#8221; subhead_line_height=&#8221;1.3em&#8221; border_width_bottom=&#8221;1px&#8221; border_style_bottom=&#8221;dashed&#8221; global_colors_info=&#8221;{}&#8221; parent_button=&#8221;off&#8221; parent_header_level=&#8221;h4&#8243;][\/dsm_card_carousel_child][dsm_card_carousel_child title=&#8221;ZARJA  2+1&#8243; subtitle=&#8221;A sunny morning is the first smile of the day.&#8221; image=&#8221;https:\/\/krasna-hisa.si\/en\/wp-content\/uploads\/2021\/10\/ZARJA.jpeg&#8221; badge_text=&#8221;25 sq meters&#8221; button_text=&#8221;BOOK NOW&#8221; button_url=&#8221;https:\/\/krasna-hisa.si\/en\/rezervirajte-sobo\/&#8221; button_url_new_window=&#8221;1&#8243; _builder_version=&#8221;4.16&#8243; _module_preset=&#8221;default&#8221; header_font_size=&#8221;25px&#8221; subhead_font=&#8221;Cormorant Garamond|800|||||||&#8221; subhead_text_color=&#8221;#000000&#8243; subhead_font_size=&#8221;23px&#8221; subhead_line_height=&#8221;1.3em&#8221; border_width_bottom=&#8221;1px&#8221; border_style_bottom=&#8221;dashed&#8221; global_colors_info=&#8221;{}&#8221; parent_button=&#8221;off&#8221; parent_header_level=&#8221;h4&#8243;][\/dsm_card_carousel_child][dsm_card_carousel_child title=&#8221;VITA  2+2&#8243; subtitle=&#8221;Life is constantly looking for balance.&#8221; image=&#8221;https:\/\/krasna-hisa.si\/en\/wp-content\/uploads\/2021\/12\/KrasnaVita4.jpeg&#8221; badge_text=&#8221;35 sq meters&#8221; button_text=&#8221;BOOK NOW&#8221; button_url=&#8221;https:\/\/krasna-hisa.si\/en\/rezervirajte-sobo\/&#8221; button_url_new_window=&#8221;1&#8243; _builder_version=&#8221;4.21.0&#8243; _module_preset=&#8221;default&#8221; header_font_size=&#8221;25px&#8221; subhead_font=&#8221;Cormorant Garamond|800|||||||&#8221; subhead_text_color=&#8221;#000000&#8243; subhead_font_size=&#8221;23px&#8221; subhead_line_height=&#8221;1.3em&#8221; hover_enabled=&#8221;0&#8243; border_width_bottom=&#8221;1px&#8221; border_style_bottom=&#8221;dashed&#8221; global_colors_info=&#8221;{}&#8221; parent_button=&#8221;off&#8221; parent_header_level=&#8221;h4&#8243; sticky_enabled=&#8221;0&#8243;][\/dsm_card_carousel_child][dsm_card_carousel_child title=&#8221;LUNA  2+1&#8243; subtitle=&#8221;A walk in the moonlight is an evening gift for the soul.&#8221; image=&#8221;https:\/\/krasna-hisa.si\/en\/wp-content\/uploads\/2021\/10\/luna.jpeg&#8221; badge_text=&#8221;29 sq meters&#8221; button_text=&#8221;BOOK NOW&#8221; button_url=&#8221;https:\/\/krasna-hisa.si\/en\/rezervirajte-sobo\/&#8221; button_url_new_window=&#8221;1&#8243; _builder_version=&#8221;4.16&#8243; _module_preset=&#8221;default&#8221; header_font_size=&#8221;25px&#8221; subhead_font=&#8221;Cormorant Garamond|800|||||||&#8221; subhead_text_color=&#8221;#000000&#8243; subhead_font_size=&#8221;23px&#8221; subhead_line_height=&#8221;1.3em&#8221; border_width_bottom=&#8221;1px&#8221; border_style_bottom=&#8221;dashed&#8221; global_colors_info=&#8221;{}&#8221; parent_button=&#8221;off&#8221; parent_header_level=&#8221;h4&#8243;][\/dsm_card_carousel_child][dsm_card_carousel_child title=&#8221;BRINA  2+1&#8243; subtitle=&#8221;A little tenderness every day.&#8221; image=&#8221;https:\/\/krasna-hisa.si\/en\/wp-content\/uploads\/2021\/09\/fotor3.jpg&#8221; badge_text=&#8221;26 sq meters&#8221; button_text=&#8221;BOOK NOW&#8221; button_url=&#8221;https:\/\/krasna-hisa.si\/en\/rezervirajte-sobo\/&#8221; button_url_new_window=&#8221;1&#8243; _builder_version=&#8221;4.16&#8243; _module_preset=&#8221;default&#8221; header_font_size=&#8221;25px&#8221; subhead_font=&#8221;Cormorant Garamond|800|||||||&#8221; subhead_text_color=&#8221;#000000&#8243; subhead_font_size=&#8221;23px&#8221; subhead_line_height=&#8221;1.3em&#8221; border_width_bottom=&#8221;1px&#8221; border_style_bottom=&#8221;dashed&#8221; global_colors_info=&#8221;{}&#8221; parent_button=&#8221;off&#8221; parent_header_level=&#8221;h4&#8243;][\/dsm_card_carousel_child][dsm_card_carousel_child title=&#8221;\u017dIVA 2&#8243; subtitle=&#8221;Let liveliness accompany you throughout the day.&#8221; image=&#8221;https:\/\/krasna-hisa.si\/en\/wp-content\/uploads\/2021\/12\/ziva.jpeg&#8221; badge_text=&#8221;20,72 sq meters&#8221; button_text=&#8221;BOOK NOW&#8221; button_url=&#8221;https:\/\/krasna-hisa.si\/en\/rezervirajte-sobo\/&#8221; button_url_new_window=&#8221;1&#8243; _builder_version=&#8221;4.16&#8243; _module_preset=&#8221;default&#8221; header_font_size=&#8221;25px&#8221; subhead_font=&#8221;Cormorant Garamond|800|||||||&#8221; subhead_text_color=&#8221;#000000&#8243; subhead_font_size=&#8221;23px&#8221; subhead_line_height=&#8221;1.3em&#8221; border_width_bottom=&#8221;1px&#8221; border_style_bottom=&#8221;dashed&#8221; global_colors_info=&#8221;{}&#8221; parent_button=&#8221;off&#8221; parent_header_level=&#8221;h4&#8243;][\/dsm_card_carousel_child][\/dsm_card_carousel][\/et_pb_column][\/et_pb_row][\/et_pb_section]<\/p>\n","protected":false},"excerpt":{"rendered":"<p>Namestitev v Hi\u0161i Krasna je zasnovana tako, da vam nudi popoln odklop od vsakodnevnega hitenja in va\u0161e \u017eivljenje napolni z nepozabnimi do\u017eivetji, lepoto okolice in hvale\u017enostjo. \u017divljenju se nikoli ne mudi. Naj bo tak\u0161en tudi va\u0161 oddih.  <\/p>\n","protected":false},"author":2,"featured_media":264,"parent":0,"menu_order":0,"comment_status":"closed","ping_status":"closed","template":"","meta":{"_et_pb_use_builder":"on","_et_pb_old_content":"","_et_gb_content_width":"","footnotes":""},"class_list":["post-445","page","type-page","status-publish","has-post-thumbnail","hentry"],"_links":{"self":[{"href":"https:\/\/krasna-hisa.si\/en\/wp-json\/wp\/v2\/pages\/445","targetHints":{"allow":["GET"]}}],"collection":[{"href":"https:\/\/krasna-hisa.si\/en\/wp-json\/wp\/v2\/pages"}],"about":[{"href":"https:\/\/krasna-hisa.si\/en\/wp-json\/wp\/v2\/types\/page"}],"author":[{"embeddable":true,"href":"https:\/\/krasna-hisa.si\/en\/wp-json\/wp\/v2\/users\/2"}],"replies":[{"embeddable":true,"href":"https:\/\/krasna-hisa.si\/en\/wp-json\/wp\/v2\/comments?post=445"}],"version-history":[{"count":0,"href":"https:\/\/krasna-hisa.si\/en\/wp-json\/wp\/v2\/pages\/445\/revisions"}],"wp:featuredmedia":[{"embeddable":true,"href":"https:\/\/krasna-hisa.si\/en\/wp-json\/wp\/v2\/media\/264"}],"wp:attachment":[{"href":"https:\/\/krasna-hisa.si\/en\/wp-json\/wp\/v2\/media?parent=445"}],"curies":[{"name":"wp","href":"https:\/\/api.w.org\/{rel}","templated":true}]}}