{"id":431,"date":"2021-09-13T11:21:21","date_gmt":"2021-09-13T11:21:21","guid":{"rendered":"https:\/\/krasna-hisa.si\/en\/?page_id=431"},"modified":"2026-04-15T09:27:32","modified_gmt":"2026-04-15T09:27:32","slug":"kulinarika-2","status":"publish","type":"page","link":"https:\/\/krasna-hisa.si\/en\/kulinarika-2\/","title":{"rendered":"Restaurant"},"content":{"rendered":"<p>[et_pb_section fb_built=&#8221;1&#8243; _builder_version=&#8221;4.16&#8243; _module_preset=&#8221;default&#8221; background_image=&#8221;https:\/\/krasna-hisa.si\/en\/wp-content\/uploads\/2022\/03\/KRASNA30796_LOWRES-scaled.jpg&#8221; custom_padding=&#8221;11px||40px|||&#8221; global_colors_info=&#8221;{}&#8221;][et_pb_row column_structure=&#8221;1_4,1_4,1_4,1_4&#8243; disabled_on=&#8221;off|off|off&#8221; _builder_version=&#8221;4.25.0&#8243; _module_preset=&#8221;default&#8221; background_enable_color=&#8221;off&#8221; width=&#8221;90%&#8221; max_width=&#8221;1350px&#8221; global_module=&#8221;414&#8243; saved_tabs=&#8221;all&#8221; global_colors_info=&#8221;{}&#8221;][et_pb_column type=&#8221;1_4&#8243; _builder_version=&#8221;4.16&#8243; _module_preset=&#8221;default&#8221; global_colors_info=&#8221;{}&#8221;][et_pb_button button_url=&#8221;https:\/\/krasna-hisa.si\/en\/rezervirajte-sobo\/&#8221; button_text=&#8221;BOOK A ROOM&#8221; _builder_version=&#8221;4.16&#8243; _module_preset=&#8221;default&#8221; custom_button=&#8221;on&#8221; button_text_size=&#8221;15px&#8221; button_text_color=&#8221;#FFFFFF&#8221; button_bg_color=&#8221;rgba(0,0,0,0.41)&#8221; button_border_color=&#8221;#FFFFFF&#8221; button_letter_spacing=&#8221;5px&#8221; button_use_icon=&#8221;off&#8221; custom_margin=&#8221;||9px|||&#8221; custom_padding=&#8221;10px||5px||false|false&#8221; global_colors_info=&#8221;{}&#8221;][\/et_pb_button][et_pb_button button_url=&#8221;https:\/\/krasna-hisa.si\/en\/kulinarika-2\/&#8221; button_text=&#8221;BOOK A TABLE&#8221; _builder_version=&#8221;4.27.4&#8243; _module_preset=&#8221;default&#8221; custom_button=&#8221;on&#8221; button_text_size=&#8221;15px&#8221; button_text_color=&#8221;#FFFFFF&#8221; button_bg_color=&#8221;rgba(0,0,0,0.41)&#8221; button_border_color=&#8221;#FFFFFF&#8221; button_letter_spacing=&#8221;5px&#8221; button_use_icon=&#8221;off&#8221; custom_margin=&#8221;||9px|||&#8221; custom_padding=&#8221;10px||5px||false|false&#8221; global_colors_info=&#8221;{}&#8221;][\/et_pb_button][\/et_pb_column][et_pb_column type=&#8221;1_4&#8243; _builder_version=&#8221;4.16&#8243; _module_preset=&#8221;default&#8221; global_colors_info=&#8221;{}&#8221;][\/et_pb_column][et_pb_column type=&#8221;1_4&#8243; _builder_version=&#8221;4.16&#8243; _module_preset=&#8221;default&#8221; global_colors_info=&#8221;{}&#8221;][\/et_pb_column][et_pb_column type=&#8221;1_4&#8243; _builder_version=&#8221;4.16&#8243; _module_preset=&#8221;default&#8221; global_colors_info=&#8221;{}&#8221;][\/et_pb_column][\/et_pb_row][et_pb_row _builder_version=&#8221;4.16&#8243; _module_preset=&#8221;default&#8221; background_enable_color=&#8221;off&#8221; width=&#8221;85%&#8221; max_width=&#8221;2560px&#8221; custom_margin=&#8221;140px|auto||auto||&#8221; global_colors_info=&#8221;{}&#8221;][et_pb_column type=&#8221;4_4&#8243; _builder_version=&#8221;4.16&#8243; _module_preset=&#8221;default&#8221; global_colors_info=&#8221;{}&#8221;][dsm_typing_effect typing_effect=&#8221;Restaurant House Krasna&#8221; before_new_line=&#8221;on&#8221; typing_loop=&#8221;off&#8221; typing_speed=&#8221;285ms&#8221; _builder_version=&#8221;4.16&#8243; _module_preset=&#8221;default&#8221; header_text_color=&#8221;#FFFFFF&#8221; header_font_size=&#8221;57px&#8221; global_colors_info=&#8221;{}&#8221;][\/dsm_typing_effect][\/et_pb_column][\/et_pb_row][\/et_pb_section][et_pb_section fb_built=&#8221;1&#8243; _builder_version=&#8221;4.16&#8243; _module_preset=&#8221;default&#8221; custom_padding=&#8221;||10px|||&#8221; global_colors_info=&#8221;{}&#8221;][et_pb_row column_structure=&#8221;1_4,1_2,1_4&#8243; _builder_version=&#8221;4.16&#8243; _module_preset=&#8221;default&#8221; background_enable_color=&#8221;off&#8221; width=&#8221;90%&#8221; max_width=&#8221;1350px&#8221; custom_margin=&#8221;34px|auto|3px|auto||&#8221; scroll_vertical_motion_enable=&#8221;on&#8221; scroll_vertical_motion=&#8221;0|50|50|100|0.5|0|-0.5&#8243; global_colors_info=&#8221;{}&#8221;][et_pb_column type=&#8221;1_4&#8243; _builder_version=&#8221;4.16&#8243; _module_preset=&#8221;default&#8221; global_colors_info=&#8221;{}&#8221;][\/et_pb_column][et_pb_column type=&#8221;1_2&#8243; _builder_version=&#8221;4.16&#8243; _module_preset=&#8221;default&#8221; global_colors_info=&#8221;{}&#8221;][et_pb_text _builder_version=&#8221;4.16&#8243; _module_preset=&#8221;default&#8221; header_font=&#8221;DM Serif Display||||||||&#8221; header_text_align=&#8221;center&#8221; header_text_color=&#8221;#000000&#8243; header_font_size=&#8221;46px&#8221; global_colors_info=&#8221;{}&#8221;]<\/p>\n<h1>&#8230;<\/h1>\n<p>[\/et_pb_text][et_pb_text _builder_version=&#8221;4.16&#8243; _module_preset=&#8221;default&#8221; text_font_size=&#8221;14px&#8221; text_line_height=&#8221;1.9em&#8221; text_orientation=&#8221;center&#8221; custom_margin=&#8221;||30px|||&#8221; scroll_vertical_motion_enable=&#8221;on&#8221; scroll_vertical_motion=&#8221;0|50|50|100|0.5|0|-0.5&#8243; global_colors_info=&#8221;{}&#8221;]<\/p>\n<p>\u00a0Istria and the Karst, as well as their owners, are closely intertwined in every corner of the House of Krasna and also in every bite. <span>\u00a0<\/span><span>Treat yourself to an unforgettable culinary journey in the restaurant, which received the prestigious Michelin Plate Awards in 2020 and 2021 and then again in 2022, 2023 and 2024 with the new title Michelin Recommendation<\/span> for its dishes, explore the flavours of the Karst and Istria through traditional dishes of local vendors in the Temple, or take a pre-prepared basket of Karst delicacies and go on a picnic under the trees. Whatever you choose, we promise that you will fall in love with the Karst and its pleasures.<\/p>\n<p>[\/et_pb_text][et_pb_text _builder_version=&#8221;4.25.0&#8243; _module_preset=&#8221;default&#8221; locked=&#8221;off&#8221; global_colors_info=&#8221;{}&#8221;]<\/p>\n<p style=\"text-align: center;\"><img loading=\"lazy\" decoding=\"async\" src=\"https:\/\/krasna-hisa.si\/en\/wp-content\/uploads\/2024\/06\/MICHELIN-2024_Selected_Vertical_Red-300x121.png\" width=\"136\" height=\"55\" alt=\"\" class=\"wp-image-1035 alignnone size-medium\" \/><\/p>\n<p>[\/et_pb_text][\/et_pb_column][et_pb_column type=&#8221;1_4&#8243; _builder_version=&#8221;4.16&#8243; _module_preset=&#8221;default&#8221; global_colors_info=&#8221;{}&#8221;][\/et_pb_column][\/et_pb_row][\/et_pb_section][et_pb_section fb_built=&#8221;1&#8243; _builder_version=&#8221;4.16&#8243; _module_preset=&#8221;default&#8221; custom_padding=&#8221;5px||0px|||&#8221; global_colors_info=&#8221;{}&#8221;][et_pb_row column_structure=&#8221;3_5,2_5&#8243; _builder_version=&#8221;4.16&#8243; _module_preset=&#8221;default&#8221; width=&#8221;100%&#8221; max_width=&#8221;2560px&#8221; custom_padding=&#8221;2px||5px|||&#8221; global_colors_info=&#8221;{}&#8221;][et_pb_column type=&#8221;3_5&#8243; _builder_version=&#8221;4.16&#8243; _module_preset=&#8221;default&#8221; global_colors_info=&#8221;{}&#8221;][dsm_image_hotspots src=&#8221;https:\/\/krasna-hisa.si\/en\/wp-content\/uploads\/2021\/06\/fotor6.jpg&#8221; title_text=&#8221;fotor6&#8243; icon_color=&#8221;#FFFFFF&#8221; _builder_version=&#8221;4.16&#8243; _module_preset=&#8221;default&#8221; global_colors_info=&#8221;{}&#8221;][dsm_image_hotspots_child left_position=&#8221;41%&#8221; top_position=&#8221;70%&#8221; hotspot_padding=&#8221;10px|10px|10px|10px|true|true&#8221; tooltip_background_color=&#8221;#000000&#8243; tooltip_placement=&#8221;right&#8221; _builder_version=&#8221;4.16&#8243; _module_preset=&#8221;default&#8221; text_font_size=&#8221;20px&#8221; border_radii_hotspot=&#8221;on|0px|0px|0px|0px&#8221; global_colors_info=&#8221;{}&#8221;]<\/p>\n<p>We choose exclusively local meats, thus ensuring the full Karst taste and contributing to the local community.<\/p>\n<p>[\/dsm_image_hotspots_child][dsm_image_hotspots_child left_position=&#8221;22%&#8221; top_position=&#8221;45%&#8221; hotspot_padding=&#8221;10px|10px|10px|10px|true|true&#8221; tooltip_background_color=&#8221;#000000&#8243; tooltip_placement=&#8221;right&#8221; _builder_version=&#8221;4.16&#8243; _module_preset=&#8221;default&#8221; text_font_size=&#8221;20px&#8221; border_radii_hotspot=&#8221;on|0px|0px|0px|0px&#8221; global_colors_info=&#8221;{}&#8221;]<\/p>\n<p>Vegetables are always from local \/ organic production.<\/p>\n<p>[\/dsm_image_hotspots_child][dsm_image_hotspots_child left_position=&#8221;81%&#8221; top_position=&#8221;54%&#8221; hotspot_padding=&#8221;10px|10px|10px|10px|true|true&#8221; tooltip_background_color=&#8221;#000000&#8243; tooltip_placement=&#8221;right&#8221; _builder_version=&#8221;4.16&#8243; _module_preset=&#8221;default&#8221; text_font_size=&#8221;20px&#8221; border_radii_hotspot=&#8221;on|0px|0px|0px|0px&#8221; global_colors_info=&#8221;{}&#8221;]<\/p>\n<p>Summer Savory, thyme or sage. Do you find them in your dishes?<\/p>\n<p>[\/dsm_image_hotspots_child][\/dsm_image_hotspots][\/et_pb_column][et_pb_column type=&#8221;2_5&#8243; _builder_version=&#8221;4.16&#8243; _module_preset=&#8221;default&#8221; global_colors_info=&#8221;{}&#8221;][et_pb_text _builder_version=&#8221;4.25.0&#8243; _module_preset=&#8221;default&#8221; header_font=&#8221;DM Serif Display||||||||&#8221; header_text_color=&#8221;#000000&#8243; header_font_size=&#8221;46px&#8221; custom_margin=&#8221;5%||||false|false&#8221; custom_padding=&#8221;|10%|||false|false&#8221; global_colors_info=&#8221;{}&#8221;]<\/p>\n<h1>The 2020, 2021, 2022, 2023 and 2024 Michelin Plate Award-winning restaurant<\/h1>\n<p>[\/et_pb_text][et_pb_text _builder_version=&#8221;4.16&#8243; _module_preset=&#8221;default&#8221; text_font_size=&#8221;14px&#8221; text_line_height=&#8221;1.9em&#8221; custom_margin=&#8221;||-1px|||&#8221; custom_padding=&#8221;|20%|||false|false&#8221; scroll_vertical_motion_enable=&#8221;on&#8221; scroll_vertical_motion=&#8221;0|50|50|100|0.5|0|-0.5&#8243; global_colors_info=&#8221;{}&#8221;]<\/p>\n<p>Our house chef, Ale\u0161 \u0160irca, prepares his gourmet creations on the principle of combining the modern and the home-made approach. He infuses the local Karst ingredients with a modern note and the soul of Istria, thus transforming a traditional dish into an intertwining of two landscapes and a new experience that will not leave you indifferent. The choice of ingredients is always local, seasonal, and organic from the home garden, and the creation of plates is modern and far from traditional. The restaurant has received one of the most prestigious awards in the culinary world, the Michelin Plate Award 2020, Michelin Plate Award 2021 and the Michelin Plate Award 2022, 2023 and 2024 for its creative, aesthetic, and intoxicatingly delicious dishes, putting House Krasna on the world culinary map.<\/p>\n<p>An intimate dinner for two, a business lunch, or a birthday dinner \u2013 just about every experience in our restaurant will be a unique gourmet experience. Visit us and embark on an unforgettable culinary journey with your loved ones.<\/p>\n<p>[\/et_pb_text][\/et_pb_column][\/et_pb_row][\/et_pb_section][et_pb_section fb_built=&#8221;1&#8243; specialty=&#8221;on&#8221; _builder_version=&#8221;4.16&#8243; _module_preset=&#8221;default&#8221; custom_padding=&#8221;19px||4px|||&#8221; global_colors_info=&#8221;{}&#8221;][et_pb_column type=&#8221;1_2&#8243; _builder_version=&#8221;4.16&#8243; custom_padding=&#8221;|||&#8221; global_colors_info=&#8221;{}&#8221; custom_padding__hover=&#8221;|||&#8221;][et_pb_cta _builder_version=&#8221;4.27.4&#8243; _module_preset=&#8221;default&#8221; body_line_height=&#8221;1.4em&#8221; background_enable_color=&#8221;off&#8221; background_layout=&#8221;light&#8221; min_height=&#8221;280px&#8221; custom_padding=&#8221;|||35px||&#8221; border_width_all=&#8221;2px&#8221; border_style_all=&#8221;dashed&#8221; global_colors_info=&#8221;{}&#8221;]<\/p>\n<p style=\"font-weight: 400; text-align: left;\"><strong>Dear Guests,<\/strong><\/p>\n<p style=\"font-weight: 400; text-align: left;\">for those wishing to enjoy our cuisine, we kindly inform you that our restaurant is open exclusively upon prior reservation.<\/p>\n<p style=\"font-weight: 400; text-align: left;\"><strong>Open by reservation for:<\/strong><\/p>\n<ul style=\"font-weight: 400; text-align: left;\">\n<li>groups of 6 people or more,<\/li>\n<li>business lunches and dinners,<\/li>\n<li>private events and tasting experiences.<\/li>\n<\/ul>\n<p style=\"font-weight: 400; text-align: left;\">Once a reservation for at least 6 people is confirmed for a specific date, the booking will also be opened to other guests who wish to reserve a table and experience the flavours of Hi\u0161a Krasna.<\/p>\n<p style=\"font-weight: 400; text-align: left;\">Should you not yet have a reservation, we warmly invite you to arrange one in advance so we can create a pleasant and memorable culinary experience for you.<\/p>\n<p>[\/et_pb_cta][\/et_pb_column][et_pb_column type=&#8221;1_2&#8243; specialty_columns=&#8221;2&#8243; _builder_version=&#8221;4.16&#8243; custom_padding=&#8221;|||&#8221; global_colors_info=&#8221;{}&#8221; custom_padding__hover=&#8221;|||&#8221;][et_pb_row_inner _builder_version=&#8221;4.16&#8243; _module_preset=&#8221;default&#8221; global_colors_info=&#8221;{}&#8221;][et_pb_column_inner saved_specialty_column_type=&#8221;1_2&#8243; _builder_version=&#8221;4.16&#8243; _module_preset=&#8221;default&#8221; global_colors_info=&#8221;{}&#8221;][et_pb_text _builder_version=&#8221;4.16&#8243; _module_preset=&#8221;default&#8221; text_text_color=&#8221;#FFFFFF&#8221; text_font_size=&#8221;15px&#8221; text_line_height=&#8221;1.6em&#8221; background_color=&#8221;#a97c50&#8243; text_orientation=&#8221;center&#8221; custom_margin=&#8221;||||true|true&#8221; custom_padding=&#8221;40px|50px|40px|50px|true|true&#8221; global_colors_info=&#8221;{}&#8221;]<\/p>\n<p>Since we want your experience to be unforgettable, we ask you to pre-announce and book the desired date on the telephone number 00386 40 214 226 or via e-mail at<span>\u00a0<\/span><span><a href=\"mailto:info@hisa-krasna.si\">info@hisa-krasna.si<\/a><\/span><span>.<\/span><\/p>\n<p>[\/et_pb_text][\/et_pb_column_inner][\/et_pb_row_inner][et_pb_row_inner column_structure=&#8221;1_3,1_3,1_3&#8243; _builder_version=&#8221;4.18.0&#8243; _module_preset=&#8221;default&#8221; custom_padding=&#8221;0px|||||&#8221; global_colors_info=&#8221;{}&#8221;][et_pb_column_inner type=&#8221;1_3&#8243; saved_specialty_column_type=&#8221;1_2&#8243; _builder_version=&#8221;4.16&#8243; _module_preset=&#8221;default&#8221; global_colors_info=&#8221;{}&#8221;][et_pb_button button_url=&#8221;https:\/\/krasna-hisa.si\/en\/wp-content\/uploads\/2026\/03\/menu_march.pdf&#8221; button_text=&#8221;HI\u0160A KRASNA DEGUSTATION MENU&#8221; button_alignment=&#8221;center&#8221; _builder_version=&#8221;4.27.4&#8243; _module_preset=&#8221;default&#8221; custom_button=&#8221;on&#8221; button_text_size=&#8221;9px&#8221; button_border_color=&#8221;#000000&#8243; button_letter_spacing=&#8221;1px&#8221; button_font=&#8221;|700|||||||&#8221; button_use_icon=&#8221;off&#8221; custom_padding=&#8221;10px||5px||false|false&#8221; global_colors_info=&#8221;{}&#8221;][\/et_pb_button][\/et_pb_column_inner][et_pb_column_inner type=&#8221;1_3&#8243; saved_specialty_column_type=&#8221;1_2&#8243; _builder_version=&#8221;4.16&#8243; _module_preset=&#8221;default&#8221; global_colors_info=&#8221;{}&#8221;][et_pb_button button_url=&#8221;https:\/\/krasna-hisa.si\/en\/wp-content\/uploads\/2024\/04\/Vinski-list-14-03-2024.pdf&#8221; button_text=&#8221;HI\u0160A KRASNA WINE CARD&#8221; button_alignment=&#8221;center&#8221; _builder_version=&#8221;4.21.0&#8243; _module_preset=&#8221;default&#8221; custom_button=&#8221;on&#8221; button_text_size=&#8221;9px&#8221; button_border_color=&#8221;#000000&#8243; button_letter_spacing=&#8221;1px&#8221; button_font=&#8221;|700|||||||&#8221; button_use_icon=&#8221;off&#8221; custom_padding=&#8221;10px||5px||false|false&#8221; global_colors_info=&#8221;{}&#8221;][\/et_pb_button][\/et_pb_column_inner][et_pb_column_inner type=&#8221;1_3&#8243; saved_specialty_column_type=&#8221;1_2&#8243; _builder_version=&#8221;4.16&#8243; _module_preset=&#8221;default&#8221; global_colors_info=&#8221;{}&#8221;][\/et_pb_column_inner][\/et_pb_row_inner][\/et_pb_column][\/et_pb_section][et_pb_section fb_built=&#8221;1&#8243; fullwidth=&#8221;on&#8221; _builder_version=&#8221;4.16&#8243; _module_preset=&#8221;default&#8221; global_colors_info=&#8221;{}&#8221;][et_pb_fullwidth_slider arrows_custom_color=&#8221;#FFFFFF&#8221; dot_nav_custom_color=&#8221;#FFFFFF&#8221; _builder_version=&#8221;4.21.0&#8243; _module_preset=&#8221;default&#8221; text_orientation=&#8221;left&#8221; module_alignment=&#8221;left&#8221; content_width=&#8221;100%&#8221; min_height=&#8221;670px&#8221; custom_margin=&#8221;||||false|false&#8221; custom_padding=&#8221;200px||||false|false&#8221; global_colors_info=&#8221;{}&#8221;][et_pb_slide heading=&#8221;Temple of Karst delicacies&#8221; use_bg_overlay=&#8221;off&#8221; use_text_overlay=&#8221;off&#8221; _builder_version=&#8221;4.16&#8243; _module_preset=&#8221;default&#8221; background_image=&#8221;https:\/\/krasna-hisa.si\/en\/wp-content\/uploads\/2021\/09\/HIS\u030cAKRASNA204-scaled.jpg&#8221; background_enable_image=&#8221;on&#8221; text_orientation=&#8221;center&#8221; width=&#8221;50%&#8221; max_width=&#8221;100%&#8221; custom_padding=&#8221;||||false|false&#8221; custom_css_slide_container=&#8221;background-color:rgba(0,0,0,0.6);||&#8221; global_colors_info=&#8221;{}&#8221; sticky_transition=&#8221;on&#8221;]<\/p>\n<p>In the basement of the House of Krasna, there is also a Karst wine temple, dug into the Karst stone. A pleasantly cool place where everything calms down and where you can feel the special energy of the unique karst stone. The cellar temple is a place for getting to know and tasting Karst delicacies &#8211; wines, cheeses, prosciutto, and other meats from the Karst and neighbouring wine-growing countries, and of course \u2013 bread from the home-made bread oven.<\/p>\n<p>[\/et_pb_slide][et_pb_slide heading=&#8221;Piknik ko\u0161arica kra\u0161kih dobrot&#8221; use_bg_overlay=&#8221;off&#8221; use_text_overlay=&#8221;off&#8221; _builder_version=&#8221;4.16&#8243; _module_preset=&#8221;default&#8221; background_image=&#8221;https:\/\/krasna-hisa.si\/en\/wp-content\/uploads\/2021\/06\/fotor19.jpg&#8221; background_enable_image=&#8221;on&#8221; text_orientation=&#8221;center&#8221; width=&#8221;50%&#8221; max_width=&#8221;100%&#8221; custom_padding=&#8221;||||false|false&#8221; custom_css_slide_container=&#8221;background-color:rgba(0,0,0,0.6);||&#8221; global_colors_info=&#8221;{}&#8221; sticky_transition=&#8221;on&#8221;]<\/p>\n<p>V kolikor si \u017eelite nekaj povsem druga\u010dnega, spro\u0161\u010denega in romanti\u010dnega, smo za vas pripravili piknik ko\u0161arico kra\u0161kih dobrot, ki jo lahko odnesete s seboj in se pe\u0161, s kolesom ali s ko\u010dijo odpeljete na najljub\u0161i travnik, u\u017eivate v razgledu na krasno kra\u0161ko pokrajino, ob\u010dutite kako vam topel veter mr\u0161i lase in se prepustite brezdelju in spro\u0161\u010denosti. Ker v \u017eivljenju zares \u0161tejejo male stvari.<\/p>\n<p>[\/et_pb_slide][\/et_pb_fullwidth_slider][\/et_pb_section][et_pb_section fb_built=&#8221;1&#8243; _builder_version=&#8221;4.16&#8243; _module_preset=&#8221;default&#8221; custom_padding=&#8221;0px|||||&#8221; saved_tabs=&#8221;all&#8221; global_colors_info=&#8221;{}&#8221;][et_pb_row _builder_version=&#8221;4.16&#8243; _module_preset=&#8221;default&#8221; background_enable_color=&#8221;off&#8221; width=&#8221;100%&#8221; max_width=&#8221;2560px&#8221; module_alignment=&#8221;center&#8221; custom_margin=&#8221;34px|auto|3px|auto||&#8221; custom_padding=&#8221;3px|||||&#8221; scroll_vertical_motion=&#8221;0|50|50|100|0.5|0|-0.5&#8243; global_colors_info=&#8221;{}&#8221;][et_pb_column type=&#8221;4_4&#8243; _builder_version=&#8221;4.16&#8243; _module_preset=&#8221;default&#8221; global_colors_info=&#8221;{}&#8221;][dsm_image_accordion ia_height=&#8221;681px&#8221; _builder_version=&#8221;4.16&#8243; _module_preset=&#8221;default&#8221; global_colors_info=&#8221;{}&#8221;][dsm_image_accordion_child image_accordion_src=&#8221;https:\/\/krasna-hisa.si\/en\/wp-content\/uploads\/2021\/06\/fotor11.jpg&#8221; use_accordion_icon=&#8221;off&#8221; image_accordion_title=&#8221;Gourmet weekends.&#8221; image_accordion_desc=&#8221;Pamper yourself with award-winning Karst-Istrian flavours, and then sleep in the idyllic Krasna Rooms.&#8221; ia_align_horizontal=&#8221;left&#8221; _builder_version=&#8221;4.16&#8243; _module_preset=&#8221;default&#8221; title_text_color=&#8221;#FFFFFF&#8221; title_font_size=&#8221;54px&#8221; desc_font_size=&#8221;15px&#8221; background_color=&#8221;RGBA(0,0,0,0)&#8221; background_enable_color=&#8221;on&#8221; custom_button=&#8221;on&#8221; button_text_color=&#8221;#FFFFFF&#8221; button_alignment=&#8221;left&#8221; custom_padding=&#8221;|||10%|false|false&#8221; link_option_url=&#8221;https:\/\/krasna-hisa.si\/en\/namestitev\/&#8221; global_colors_info=&#8221;{}&#8221;][\/dsm_image_accordion_child][dsm_image_accordion_child expanded_item=&#8221;on&#8221; image_accordion_src=&#8221;https:\/\/krasna-hisa.si\/en\/wp-content\/uploads\/2021\/07\/541A9009.jpg&#8221; use_accordion_icon=&#8221;off&#8221; image_accordion_title=&#8221;Karst seasoning.&#8221; image_accordion_desc=&#8221;Taste prestigious and inspiring dishes with homemade Karst spices.&#8221; ia_align_horizontal=&#8221;left&#8221; _builder_version=&#8221;4.16&#8243; _module_preset=&#8221;default&#8221; title_text_color=&#8221;#FFFFFF&#8221; title_font_size=&#8221;54px&#8221; desc_font_size=&#8221;15px&#8221; background_color=&#8221;RGBA(0,0,0,0)&#8221; background_enable_color=&#8221;on&#8221; custom_button=&#8221;on&#8221; button_text_color=&#8221;#FFFFFF&#8221; button_alignment=&#8221;left&#8221; custom_padding=&#8221;|||10%|false|false&#8221; link_option_url=&#8221;https:\/\/krasna-hisa.si\/en\/kulinarika-2\/&#8221; global_colors_info=&#8221;{}&#8221;][\/dsm_image_accordion_child][dsm_image_accordion_child image_accordion_src=&#8221;https:\/\/krasna-hisa.si\/en\/wp-content\/uploads\/2021\/11\/Screenshot-2021-11-23-at-10.26.46.png&#8221; use_accordion_icon=&#8221;off&#8221; image_accordion_title=&#8221;From the home garden.&#8221; image_accordion_desc=&#8221;Each plate carries ingredients and flavours from our organic garden.&#8221; ia_align_horizontal=&#8221;left&#8221; _builder_version=&#8221;4.16&#8243; _module_preset=&#8221;default&#8221; title_text_color=&#8221;#FFFFFF&#8221; title_font_size=&#8221;54px&#8221; desc_font_size=&#8221;15px&#8221; background_color=&#8221;RGBA(0,0,0,0)&#8221; background_enable_color=&#8221;on&#8221; custom_button=&#8221;on&#8221; button_text_color=&#8221;#FFFFFF&#8221; button_alignment=&#8221;left&#8221; custom_padding=&#8221;|||10%|false|false&#8221; link_option_url=&#8221;https:\/\/krasna-hisa.si\/en\/dozivite-kras\/&#8221; global_colors_info=&#8221;{}&#8221;][\/dsm_image_accordion_child][\/dsm_image_accordion][\/et_pb_column][\/et_pb_row][\/et_pb_section][et_pb_section fb_built=&#8221;1&#8243; _builder_version=&#8221;4.25.0&#8243; _module_preset=&#8221;default&#8221; global_colors_info=&#8221;{}&#8221;][et_pb_row _builder_version=&#8221;4.25.0&#8243; _module_preset=&#8221;default&#8221; global_colors_info=&#8221;{}&#8221;][et_pb_column type=&#8221;4_4&#8243; _builder_version=&#8221;4.25.0&#8243; _module_preset=&#8221;default&#8221; global_colors_info=&#8221;{}&#8221;][\/et_pb_column][\/et_pb_row][\/et_pb_section]<\/p>\n","protected":false},"excerpt":{"rendered":"<p>Privo\u0161\u010dite si nepozabno kulinari\u010dno popotovanje v restavraciji ki je leta 2020 za svoje kro\u017enike prejela presti\u017eno titulo Michelin Plate Award.<\/p>\n","protected":false},"author":2,"featured_media":368,"parent":0,"menu_order":0,"comment_status":"closed","ping_status":"closed","template":"","meta":{"_et_pb_use_builder":"on","_et_pb_old_content":"","_et_gb_content_width":"","footnotes":""},"class_list":["post-431","page","type-page","status-publish","has-post-thumbnail","hentry"],"_links":{"self":[{"href":"https:\/\/krasna-hisa.si\/en\/wp-json\/wp\/v2\/pages\/431","targetHints":{"allow":["GET"]}}],"collection":[{"href":"https:\/\/krasna-hisa.si\/en\/wp-json\/wp\/v2\/pages"}],"about":[{"href":"https:\/\/krasna-hisa.si\/en\/wp-json\/wp\/v2\/types\/page"}],"author":[{"embeddable":true,"href":"https:\/\/krasna-hisa.si\/en\/wp-json\/wp\/v2\/users\/2"}],"replies":[{"embeddable":true,"href":"https:\/\/krasna-hisa.si\/en\/wp-json\/wp\/v2\/comments?post=431"}],"version-history":[{"count":0,"href":"https:\/\/krasna-hisa.si\/en\/wp-json\/wp\/v2\/pages\/431\/revisions"}],"wp:featuredmedia":[{"embeddable":true,"href":"https:\/\/krasna-hisa.si\/en\/wp-json\/wp\/v2\/media\/368"}],"wp:attachment":[{"href":"https:\/\/krasna-hisa.si\/en\/wp-json\/wp\/v2\/media?parent=431"}],"curies":[{"name":"wp","href":"https:\/\/api.w.org\/{rel}","templated":true}]}}