{"id":409,"date":"2021-09-13T10:49:54","date_gmt":"2021-09-13T10:49:54","guid":{"rendered":"https:\/\/krasna-hisa.si\/en\/?page_id=409"},"modified":"2022-09-27T08:36:24","modified_gmt":"2022-09-27T08:36:24","slug":"spoznajte-nas","status":"publish","type":"page","link":"https:\/\/krasna-hisa.si\/en\/spoznajte-nas\/","title":{"rendered":"Get to know us"},"content":{"rendered":"<p>[et_pb_section fb_built=&#8221;1&#8243; _builder_version=&#8221;4.16&#8243; _module_preset=&#8221;default&#8221; background_image=&#8221;https:\/\/krasna-hisa.si\/en\/wp-content\/uploads\/2021\/09\/HIS\u030cAKRASNA296-1.jpg&#8221; custom_padding=&#8221;11px||40px|||&#8221; global_colors_info=&#8221;{}&#8221;][et_pb_row column_structure=&#8221;1_4,1_4,1_4,1_4&#8243; _builder_version=&#8221;4.10.7&#8243; _module_preset=&#8221;default&#8221; background_enable_color=&#8221;off&#8221; width=&#8221;90%&#8221; max_width=&#8221;1350px&#8221; global_module=&#8221;414&#8243; saved_tabs=&#8221;all&#8221; global_colors_info=&#8221;{}&#8221;][et_pb_column type=&#8221;1_4&#8243; _builder_version=&#8221;4.16&#8243; _module_preset=&#8221;default&#8221; global_colors_info=&#8221;{}&#8221;][et_pb_button button_url=&#8221;https:\/\/krasna-hisa.si\/en\/rezervirajte-sobo\/&#8221; button_text=&#8221;BOOK A ROOM&#8221; _builder_version=&#8221;4.16&#8243; _module_preset=&#8221;default&#8221; custom_button=&#8221;on&#8221; button_text_size=&#8221;15px&#8221; button_text_color=&#8221;#FFFFFF&#8221; button_bg_color=&#8221;rgba(0,0,0,0.41)&#8221; button_border_color=&#8221;#FFFFFF&#8221; button_letter_spacing=&#8221;5px&#8221; button_use_icon=&#8221;off&#8221; custom_margin=&#8221;||9px|||&#8221; custom_padding=&#8221;10px||5px||false|false&#8221; global_colors_info=&#8221;{}&#8221;][\/et_pb_button][et_pb_button button_url=&#8221;https:\/\/krasna-hisa.si\/en\/rezervirajte-mizo\/&#8221; button_text=&#8221;BOOK A TABLE&#8221; _builder_version=&#8221;4.16&#8243; _module_preset=&#8221;default&#8221; custom_button=&#8221;on&#8221; button_text_size=&#8221;15px&#8221; button_text_color=&#8221;#FFFFFF&#8221; button_bg_color=&#8221;rgba(0,0,0,0.41)&#8221; button_border_color=&#8221;#FFFFFF&#8221; button_letter_spacing=&#8221;5px&#8221; button_use_icon=&#8221;off&#8221; custom_margin=&#8221;||9px|||&#8221; custom_padding=&#8221;10px||5px||false|false&#8221; global_colors_info=&#8221;{}&#8221;][\/et_pb_button][\/et_pb_column][et_pb_column type=&#8221;1_4&#8243; _builder_version=&#8221;4.16&#8243; _module_preset=&#8221;default&#8221; global_colors_info=&#8221;{}&#8221;][\/et_pb_column][et_pb_column type=&#8221;1_4&#8243; _builder_version=&#8221;4.16&#8243; _module_preset=&#8221;default&#8221; global_colors_info=&#8221;{}&#8221;][\/et_pb_column][et_pb_column type=&#8221;1_4&#8243; _builder_version=&#8221;4.16&#8243; _module_preset=&#8221;default&#8221; global_colors_info=&#8221;{}&#8221;][\/et_pb_column][\/et_pb_row][et_pb_row _builder_version=&#8221;4.16&#8243; _module_preset=&#8221;default&#8221; background_enable_color=&#8221;off&#8221; width=&#8221;85%&#8221; max_width=&#8221;2560px&#8221; custom_margin=&#8221;140px|auto||auto||&#8221; global_colors_info=&#8221;{}&#8221;][et_pb_column type=&#8221;4_4&#8243; _builder_version=&#8221;4.16&#8243; _module_preset=&#8221;default&#8221; global_colors_info=&#8221;{}&#8221;][dsm_typing_effect typing_effect=&#8221;Our story&#8221; before_new_line=&#8221;on&#8221; typing_loop=&#8221;off&#8221; typing_speed=&#8221;285ms&#8221; _builder_version=&#8221;4.16&#8243; _module_preset=&#8221;default&#8221; header_text_color=&#8221;#FFFFFF&#8221; header_font_size=&#8221;57px&#8221; global_colors_info=&#8221;{}&#8221;][\/dsm_typing_effect][\/et_pb_column][\/et_pb_row][\/et_pb_section][et_pb_section fb_built=&#8221;1&#8243; _builder_version=&#8221;4.16&#8243; _module_preset=&#8221;default&#8221; custom_padding=&#8221;||10px|||&#8221; global_colors_info=&#8221;{}&#8221;][et_pb_row column_structure=&#8221;1_2,1_2&#8243; _builder_version=&#8221;4.16&#8243; _module_preset=&#8221;default&#8221; background_enable_color=&#8221;off&#8221; width=&#8221;90%&#8221; max_width=&#8221;1350px&#8221; custom_margin=&#8221;34px|auto|3px|auto||&#8221; custom_padding=&#8221;||0px|||&#8221; scroll_vertical_motion_enable=&#8221;on&#8221; scroll_vertical_motion=&#8221;0|50|50|100|0.5|0|-0.5&#8243; global_colors_info=&#8221;{}&#8221;][et_pb_column type=&#8221;1_2&#8243; _builder_version=&#8221;4.16&#8243; _module_preset=&#8221;default&#8221; global_colors_info=&#8221;{}&#8221;][et_pb_text _builder_version=&#8221;4.16&#8243; _module_preset=&#8221;default&#8221; header_font=&#8221;DM Serif Display||||||||&#8221; header_text_align=&#8221;center&#8221; header_text_color=&#8221;#000000&#8243; header_font_size=&#8221;46px&#8221; global_colors_info=&#8221;{}&#8221;]<\/p>\n<h1 style=\"text-align: left;\">The \u0160kibin family<\/h1>\n<p>[\/et_pb_text][et_pb_text _builder_version=&#8221;4.16&#8243; _module_preset=&#8221;default&#8221; text_font_size=&#8221;14px&#8221; text_line_height=&#8221;1.9em&#8221; text_orientation=&#8221;center&#8221; custom_margin=&#8221;||30px|||&#8221; scroll_vertical_motion_enable=&#8221;on&#8221; scroll_vertical_motion=&#8221;0|50|50|100|0.5|0|-0.5&#8243; global_colors_info=&#8221;{}&#8221;]<\/p>\n<p style=\"text-align: left;\">In The Krasna house, warm, temperamental, and romantic Istria and the hardy, charming, and inspiring Karst are closely intertwined in every corner and at every step, just like its owners, Dajana and Boris \u0160kibin. As she is from Istria, and he from the Karst, together they are a perfect combination of inspiration, the will to live, motivation, and work discipline.<\/p>\n<p style=\"text-align: left;\">Buying an old Karst homestead, infusing it with new life and turning it into a boutique family hotel, was their dream project, a dream come true that they are infinitely proud of and to which they return every day with love and their two daughters Eva and Taja, and smiles that they unobtrusively and selflessly pass on to anyone who walks through the door of their House of Krasna.<\/p>\n<p>[\/et_pb_text][\/et_pb_column][et_pb_column type=&#8221;1_2&#8243; _builder_version=&#8221;4.16&#8243; _module_preset=&#8221;default&#8221; global_colors_info=&#8221;{}&#8221;][dsm_image_hotspots src=&#8221;https:\/\/krasna-hisa.si\/en\/wp-content\/uploads\/2021\/12\/HIS\u030cAKRASNA33-scaled.jpg&#8221; title_text=&#8221;HIS\u030cAKRASNA33&#8243; icon_color=&#8221;#FFFFFF&#8221; _builder_version=&#8221;4.16&#8243; _module_preset=&#8221;default&#8221; global_colors_info=&#8221;{}&#8221;][dsm_image_hotspots_child left_position=&#8221;28%&#8221; top_position=&#8221;59%&#8221; hotspot_padding=&#8221;10px|10px|10px|10px|true|true&#8221; tooltip_background_color=&#8221;#000000&#8243; tooltip_placement=&#8221;right&#8221; _builder_version=&#8221;4.16&#8243; _module_preset=&#8221;default&#8221; text_font_size=&#8221;20px&#8221; border_radii_hotspot=&#8221;on|0px|0px|0px|0px&#8221; global_colors_info=&#8221;{}&#8221;]<\/p>\n<p><strong>Dajana Budak \u0160kibin<\/strong><\/p>\n<p>&#8220;Brings a warm, temperamental and romantic touch from Istria.&#8221;<\/p>\n<p>Tip: At breakfast, find her top-quality jams which she prepares all summer from her own produce.<\/p>\n<p>[\/dsm_image_hotspots_child][dsm_image_hotspots_child left_position=&#8221;75%&#8221; top_position=&#8221;45%&#8221; hotspot_padding=&#8221;10px|10px|10px|10px|true|true&#8221; tooltip_background_color=&#8221;#000000&#8243; tooltip_placement=&#8221;right&#8221; _builder_version=&#8221;4.16&#8243; _module_preset=&#8221;default&#8221; text_font_size=&#8221;20px&#8221; border_radii_hotspot=&#8221;on|0px|0px|0px|0px&#8221; global_colors_info=&#8221;{}&#8221;]<\/p>\n<p><strong>Boris \u0160kibin<\/strong><\/p>\n<p>&#8220;Adds a charming and inspiring sense of the Karst.&#8221;<\/p>\n<p>Tip: For the best choice of wine at a gourmet dinner, tap Boris&#8217;s sleeve.<\/p>\n<p>[\/dsm_image_hotspots_child][\/dsm_image_hotspots][\/et_pb_column][\/et_pb_row][\/et_pb_section][et_pb_section fb_built=&#8221;1&#8243; _builder_version=&#8221;4.16&#8243; _module_preset=&#8221;default&#8221; custom_padding=&#8221;||10px|||&#8221; global_colors_info=&#8221;{}&#8221;][et_pb_row column_structure=&#8221;1_4,1_2,1_4&#8243; _builder_version=&#8221;4.16&#8243; _module_preset=&#8221;default&#8221; background_enable_color=&#8221;off&#8221; width=&#8221;90%&#8221; max_width=&#8221;1350px&#8221; custom_margin=&#8221;34px|auto|3px|auto||&#8221; scroll_vertical_motion_enable=&#8221;on&#8221; scroll_vertical_motion=&#8221;0|50|50|100|0.5|0|-0.5&#8243; global_colors_info=&#8221;{}&#8221;][et_pb_column type=&#8221;1_4&#8243; _builder_version=&#8221;4.16&#8243; _module_preset=&#8221;default&#8221; global_colors_info=&#8221;{}&#8221;][\/et_pb_column][et_pb_column type=&#8221;1_2&#8243; _builder_version=&#8221;4.16&#8243; _module_preset=&#8221;default&#8221; global_colors_info=&#8221;{}&#8221;][et_pb_text _builder_version=&#8221;4.16&#8243; _module_preset=&#8221;default&#8221; header_font=&#8221;DM Serif Display||||||||&#8221; header_text_align=&#8221;center&#8221; header_text_color=&#8221;#000000&#8243; header_font_size=&#8221;46px&#8221; global_colors_info=&#8221;{}&#8221;]<\/p>\n<h1>Renovation of the Krasna house<\/h1>\n<p>[\/et_pb_text][et_pb_text _builder_version=&#8221;4.16&#8243; _module_preset=&#8221;default&#8221; text_font_size=&#8221;14px&#8221; text_line_height=&#8221;1.9em&#8221; text_orientation=&#8221;center&#8221; custom_margin=&#8221;||30px|||&#8221; scroll_vertical_motion_enable=&#8221;on&#8221; scroll_vertical_motion=&#8221;0|50|50|100|0.5|0|-0.5&#8243; global_colors_info=&#8221;{}&#8221;]<\/p>\n<p>What Boris\u2019 grandfather failed to do, Boris and his Diana succeeded. The story of the House of Krasna begins in 2011 when the \u0160kibin couple were shown the possibility of buying an old Karst homestead right next to Boris&#8217; birth house. An abandoned homestead, which Boris&#8217; grandmother had in mind decades ago and wanted to buy at a local auction, but unfortunately did not succeed.<\/p>\n<p>The homestead stood in a small Karst village called Lokev, known mainly for its excellent gastronomic offer and the first prosciutto factory in the Karst, as well as for its pleasant climate and good energy. In the past, Lokev was the choice of city elites from neighbouring Trieste, who wanted a relaxed holiday enriched with fine wines and delicious food.<\/p>\n<p>At the time of purchase, Boris and Dajana were determined to enrich the tourist offer of the place and realize their long-held dream of a boutique family hotel, where they will sleep well and eat even better. They started to build their dreams and from the old homestead a few years later, The Krasna house grew in the same place &#8211; a house of hospitality and goodness of the Karst and Istria, built with respect for the place and Karst tradition and infrastructure. All with the intent to make guests relax and enjoy all the pleasures that life has to offer.<\/p>\n<p><span>Only four years after the opening, The Krasna house received one of the most prestigious culinary awards, the Michelin Plate Award 2020, which was doubled in the following year and in then again in 2022 with the new title Michelin Recommendation<\/span>, for its top cuisine, achieving the goal of the \u0160kibin family &#8211; to combine the beauties of the Karst, comfortable and relaxed accommodation with a focus on digital detoxing, and thus restoring balance with oneself and nature and top-quality cuisine with Karst and Istrian traditional flavours, with an emphasis on seasonal and locally grown ingredients, which they present and share in a modern way with their guests.<\/p>\n<p>[\/et_pb_text][\/et_pb_column][et_pb_column type=&#8221;1_4&#8243; _builder_version=&#8221;4.16&#8243; _module_preset=&#8221;default&#8221; global_colors_info=&#8221;{}&#8221;][\/et_pb_column][\/et_pb_row][\/et_pb_section][et_pb_section fb_built=&#8221;1&#8243; _builder_version=&#8221;4.16&#8243; _module_preset=&#8221;default&#8221; global_colors_info=&#8221;{}&#8221;][et_pb_row _builder_version=&#8221;4.16&#8243; _module_preset=&#8221;default&#8221; width=&#8221;85%&#8221; max_width=&#8221;2560px&#8221; global_colors_info=&#8221;{}&#8221;][et_pb_column type=&#8221;4_4&#8243; _builder_version=&#8221;4.16&#8243; _module_preset=&#8221;default&#8221; global_colors_info=&#8221;{}&#8221;][dsm_masonry_gallery gallery_ids=&#8221;524,206,336,302,264,301,518,519,520,521,522,523,528,478&#8243; use_zoom_on_hover=&#8221;on&#8221; _builder_version=&#8221;4.16&#8243; _module_preset=&#8221;default&#8221; global_colors_info=&#8221;{}&#8221;][\/dsm_masonry_gallery][\/et_pb_column][\/et_pb_row][\/et_pb_section][et_pb_section fb_built=&#8221;1&#8243; _builder_version=&#8221;4.16&#8243; _module_preset=&#8221;default&#8221; custom_padding=&#8221;0px|||||&#8221; saved_tabs=&#8221;all&#8221; global_colors_info=&#8221;{}&#8221;][et_pb_row _builder_version=&#8221;4.16&#8243; _module_preset=&#8221;default&#8221; background_enable_color=&#8221;off&#8221; width=&#8221;100%&#8221; max_width=&#8221;2560px&#8221; module_alignment=&#8221;center&#8221; custom_margin=&#8221;34px|auto|3px|auto||&#8221; custom_padding=&#8221;3px|||||&#8221; scroll_vertical_motion=&#8221;0|50|50|100|0.5|0|-0.5&#8243; global_colors_info=&#8221;{}&#8221;][et_pb_column type=&#8221;4_4&#8243; _builder_version=&#8221;4.16&#8243; _module_preset=&#8221;default&#8221; global_colors_info=&#8221;{}&#8221;][dsm_image_accordion ia_height=&#8221;681px&#8221; _builder_version=&#8221;4.16&#8243; _module_preset=&#8221;default&#8221; global_colors_info=&#8221;{}&#8221;][dsm_image_accordion_child image_accordion_src=&#8221;https:\/\/krasna-hisa.si\/en\/wp-content\/uploads\/2021\/09\/HIS\u030cAKRASNA251-scaled.jpg&#8221; use_accordion_icon=&#8221;off&#8221; image_accordion_title=&#8221;Relaxed and serene.&#8221; image_accordion_desc=&#8221;Life is never in a hurry. Welcome to Krasna.&#8221; ia_align_horizontal=&#8221;left&#8221; _builder_version=&#8221;4.16&#8243; _module_preset=&#8221;default&#8221; title_text_color=&#8221;#FFFFFF&#8221; title_font_size=&#8221;54px&#8221; desc_font_size=&#8221;15px&#8221; background_color=&#8221;RGBA(0,0,0,0)&#8221; background_enable_color=&#8221;on&#8221; custom_button=&#8221;on&#8221; button_text_color=&#8221;#FFFFFF&#8221; button_alignment=&#8221;left&#8221; custom_padding=&#8221;|||10%|false|false&#8221; link_option_url=&#8221;https:\/\/krasna-hisa.si\/en\/namestitev\/&#8221; global_colors_info=&#8221;{}&#8221;][\/dsm_image_accordion_child][dsm_image_accordion_child expanded_item=&#8221;on&#8221; image_accordion_src=&#8221;https:\/\/krasna-hisa.si\/en\/wp-content\/uploads\/2021\/09\/HIS\u030cAKRASNA204-scaled.jpg&#8221; use_accordion_icon=&#8221;off&#8221; image_accordion_title=&#8221;The temple of Karst delicacies.&#8221; image_accordion_desc=&#8221;Krasna&#8217;s stop for tastings of Karst delicacies &#8211; wines, cheeses, prosciutto, homemade bread from the bread oven.&#8221; ia_align_horizontal=&#8221;left&#8221; _builder_version=&#8221;4.16&#8243; _module_preset=&#8221;default&#8221; title_text_color=&#8221;#FFFFFF&#8221; title_font_size=&#8221;54px&#8221; desc_font_size=&#8221;15px&#8221; background_color=&#8221;RGBA(0,0,0,0)&#8221; background_enable_color=&#8221;on&#8221; custom_button=&#8221;on&#8221; button_text_color=&#8221;#FFFFFF&#8221; button_alignment=&#8221;left&#8221; custom_padding=&#8221;|||10%|false|false&#8221; link_option_url=&#8221;https:\/\/krasna-hisa.si\/en\/kulinarika-2\/&#8221; global_colors_info=&#8221;{}&#8221;][\/dsm_image_accordion_child][dsm_image_accordion_child image_accordion_src=&#8221;https:\/\/krasna-hisa.si\/en\/wp-content\/uploads\/2021\/09\/HIS\u030cAKRASNA227-scaled.jpg&#8221; use_accordion_icon=&#8221;off&#8221; image_accordion_title=&#8221;We love the Karst.&#8221; image_accordion_desc=&#8221;Enjoy every day outdoors. By bike, on a picnic with our basket of goodies, on a Lipizzaner or a nearby hill.&#8221; ia_align_horizontal=&#8221;left&#8221; _builder_version=&#8221;4.16&#8243; _module_preset=&#8221;default&#8221; title_text_color=&#8221;#FFFFFF&#8221; title_font_size=&#8221;54px&#8221; desc_font_size=&#8221;15px&#8221; background_color=&#8221;RGBA(0,0,0,0)&#8221; background_enable_color=&#8221;on&#8221; custom_button=&#8221;on&#8221; button_text_color=&#8221;#FFFFFF&#8221; button_alignment=&#8221;left&#8221; custom_padding=&#8221;|||10%|false|false&#8221; link_option_url=&#8221;https:\/\/krasna-hisa.si\/en\/dozivite-kras\/&#8221; global_colors_info=&#8221;{}&#8221;][\/dsm_image_accordion_child][\/dsm_image_accordion][\/et_pb_column][\/et_pb_row][\/et_pb_section]<\/p>\n","protected":false},"excerpt":{"rendered":"<p>V Hi\u0161i Krasna se v vsakem koti\u010dku in na vsakem koraku tesno prepletata topla, temperamentna in romanti\u010dna Istra in trdo\u017eiv, \u0161armanten in navdihujo\u010d Kras, podobno kot njena lastnika Dajana in Boris  \u0160kibin.<\/p>\n","protected":false},"author":2,"featured_media":294,"parent":0,"menu_order":0,"comment_status":"closed","ping_status":"closed","template":"","meta":{"_et_pb_use_builder":"on","_et_pb_old_content":"","_et_gb_content_width":"","footnotes":""},"class_list":["post-409","page","type-page","status-publish","has-post-thumbnail","hentry"],"_links":{"self":[{"href":"https:\/\/krasna-hisa.si\/en\/wp-json\/wp\/v2\/pages\/409","targetHints":{"allow":["GET"]}}],"collection":[{"href":"https:\/\/krasna-hisa.si\/en\/wp-json\/wp\/v2\/pages"}],"about":[{"href":"https:\/\/krasna-hisa.si\/en\/wp-json\/wp\/v2\/types\/page"}],"author":[{"embeddable":true,"href":"https:\/\/krasna-hisa.si\/en\/wp-json\/wp\/v2\/users\/2"}],"replies":[{"embeddable":true,"href":"https:\/\/krasna-hisa.si\/en\/wp-json\/wp\/v2\/comments?post=409"}],"version-history":[{"count":0,"href":"https:\/\/krasna-hisa.si\/en\/wp-json\/wp\/v2\/pages\/409\/revisions"}],"wp:featuredmedia":[{"embeddable":true,"href":"https:\/\/krasna-hisa.si\/en\/wp-json\/wp\/v2\/media\/294"}],"wp:attachment":[{"href":"https:\/\/krasna-hisa.si\/en\/wp-json\/wp\/v2\/media?parent=409"}],"curies":[{"name":"wp","href":"https:\/\/api.w.org\/{rel}","templated":true}]}}